{"id":734,"date":"2021-03-08T17:56:28","date_gmt":"2021-03-08T17:56:28","guid":{"rendered":"http:\/\/www.plin-konjscina.hr\/?page_id=734"},"modified":"2024-10-09T07:14:31","modified_gmt":"2024-10-09T07:14:31","slug":"energetska-ucinkovitost","status":"publish","type":"page","link":"https:\/\/www.plin-konjscina.hr\/?page_id=734","title":{"rendered":"Energetska u\u010dinkovitost"},"content":{"rendered":"<p><a href=\"https:\/\/www.plin-konjscina.hr\/wp-content\/uploads\/PLIN-KONJSCINA-PRIRODNI-PLIN-letak-2024-1.pdf\">PLIN KONJ\u0160\u010cINA &#8211; PRIRODNI PLIN (letak 2024)<\/a><\/p>\n<p><a href=\"https:\/\/www.plin-konjscina.hr\/wp-content\/uploads\/PRIRODNI-PLIN-siguran-pri-uporabi-letak-2014..pdf\">PRIRODNI-PLIN-siguran-pri-uporabi (letak 2014.)<\/a><\/p>\n<p><a href=\"https:\/\/www.plin-konjscina.hr\/wp-content\/uploads\/PLIN-KONJSCINA-PRIRODNI-PLIN-letak-2016.pdf\">PLIN KONJ\u0160\u010cINA &#8211; PRIRODNI PLIN (letak 2016)<\/a><\/p>\n<p><a href=\"https:\/\/www.plin-konjscina.hr\/wp-content\/uploads\/Upute-o-optimalnom-koristenju-prirodnog-plina-1.pdf\">Upute o optimalnom koristenju prirodnog plina<\/a><\/p>\n<p>&nbsp;<\/p>\n<p><a href=\"https:\/\/www.plin-konjscina.hr\/wp-content\/uploads\/PRIRODNI-PLIN-siguran-pri-uporabi-i-energetski-ucinkovit-brosura-2021..pdf\">PRIRODNI PLIN siguran pri uporabi i energetski u\u010dinkovit &#8211; bro\u0161ura 2021.<\/a><\/p>\n<p><a href=\"https:\/\/www.plin-konjscina.hr\/wp-content\/uploads\/Pregled-i-primjena-prirodnog-plina-brosura-2021..pdf\">Pregled i primjena prirodnog plina &#8211; bro\u0161ura 2021.<\/a><\/p>\n<p>&nbsp;<\/p>\n","protected":false},"excerpt":{"rendered":"<p>PLIN KONJ\u0160\u010cINA &#8211; PRIRODNI PLIN (letak 2024) PRIRODNI-PLIN-siguran-pri-uporabi (letak 2014.) PLIN KONJ\u0160\u010cINA &#8211; PRIRODNI PLIN (letak 2016) Upute o optimalnom koristenju prirodnog plina &nbsp; PRIRODNI PLIN siguran pri uporabi i energetski u\u010dinkovit &#8211; bro\u0161ura 2021. Pregled i primjena prirodnog plina&hellip; <a href=\"https:\/\/www.plin-konjscina.hr\/?page_id=734\" class=\"more-link\">Continue Reading <span class=\"meta-nav\">&rarr;<\/span><\/a><\/p>\n","protected":false},"author":1,"featured_media":738,"parent":124,"menu_order":0,"comment_status":"closed","ping_status":"closed","template":"","meta":{"footnotes":""},"class_list":["post-734","page","type-page","status-publish","has-post-thumbnail","hentry"],"_links":{"self":[{"href":"https:\/\/www.plin-konjscina.hr\/index.php?rest_route=\/wp\/v2\/pages\/734","targetHints":{"allow":["GET"]}}],"collection":[{"href":"https:\/\/www.plin-konjscina.hr\/index.php?rest_route=\/wp\/v2\/pages"}],"about":[{"href":"https:\/\/www.plin-konjscina.hr\/index.php?rest_route=\/wp\/v2\/types\/page"}],"author":[{"embeddable":true,"href":"https:\/\/www.plin-konjscina.hr\/index.php?rest_route=\/wp\/v2\/users\/1"}],"replies":[{"embeddable":true,"href":"https:\/\/www.plin-konjscina.hr\/index.php?rest_route=%2Fwp%2Fv2%2Fcomments&post=734"}],"version-history":[{"count":9,"href":"https:\/\/www.plin-konjscina.hr\/index.php?rest_route=\/wp\/v2\/pages\/734\/revisions"}],"predecessor-version":[{"id":1304,"href":"https:\/\/www.plin-konjscina.hr\/index.php?rest_route=\/wp\/v2\/pages\/734\/revisions\/1304"}],"up":[{"embeddable":true,"href":"https:\/\/www.plin-konjscina.hr\/index.php?rest_route=\/wp\/v2\/pages\/124"}],"wp:featuredmedia":[{"embeddable":true,"href":"https:\/\/www.plin-konjscina.hr\/index.php?rest_route=\/wp\/v2\/media\/738"}],"wp:attachment":[{"href":"https:\/\/www.plin-konjscina.hr\/index.php?rest_route=%2Fwp%2Fv2%2Fmedia&parent=734"}],"curies":[{"name":"wp","href":"https:\/\/api.w.org\/{rel}","templated":true}]}}