{"id":461,"date":"2019-03-20T07:02:45","date_gmt":"2019-03-20T07:02:45","guid":{"rendered":"http:\/\/www.plin-konjscina.hr\/?page_id=461"},"modified":"2025-03-20T11:46:56","modified_gmt":"2025-03-20T11:46:56","slug":"kvaliteta-opskrbe-plinom","status":"publish","type":"page","link":"https:\/\/www.plin-konjscina.hr\/?page_id=461","title":{"rendered":"Kvaliteta opskrbe plinom"},"content":{"rendered":"<p><strong>KVARTALNI GARANTIRANI POKAZATELJI KVALITETE<\/strong><\/p>\n<hr \/>\n<p><strong>2024. GODINA<\/strong><\/p>\n<p><a href=\"https:\/\/www.plin-konjscina.hr\/wp-content\/uploads\/GODISNJE-IZVJESCE-O-KVALITETI-OPSKRBE-PLINOM-2024-ODS.pdf\" target=\"_blank\" rel=\"noopener\">Godi\u0161nje izvje\u0161\u0107e o kvaliteti opskrbe plinom 2024. &#8211; ODS<\/a><\/p>\n<p><a href=\"https:\/\/www.plin-konjscina.hr\/wp-content\/uploads\/GODISNJE-IZVJESCE-O-KVALITETI-OPSKRBE-PLINOM-2024-OPS.pdf\" target=\"_blank\" rel=\"noopener\">Godi\u0161nje izvje\u0161\u0107e o kvaliteti opskrbe plinom 2024. &#8211; OPS<\/a><\/p>\n<p><strong>2023. GODINA<\/strong><\/p>\n<p><a href=\"https:\/\/www.plin-konjscina.hr\/wp-content\/uploads\/Godisnje-izvjesce_kvaliteta-usluge_ODS_2023.pdf\">Godisnje izvjesce_kvaliteta usluge_ODS_2023<\/a><\/p>\n<p><a href=\"https:\/\/www.plin-konjscina.hr\/wp-content\/uploads\/Godisnje-izvjesce_kvaliteta-usluge_OPS_2023.pdf\">Godisnje izvjesce_kvaliteta usluge_OPS_2023<\/a><\/p>\n<p>&nbsp;<\/p>\n<p><a href=\"https:\/\/www.plin-konjscina.hr\/wp-content\/uploads\/Dopis-dostava-podataka_Pokazatelji-kvalitete_I.-kvartal-2023..doc\">Dopis dostava podataka_Pokazatelji kvalitete_I. kvartal 2023.<\/a><\/p>\n<p><a href=\"https:\/\/www.plin-konjscina.hr\/wp-content\/uploads\/Dopis-dostava-podataka_Pokazatelji-kvalitete_II.-kvartal-2023..doc\">Dopis dostava podataka_Pokazatelji kvalitete_II. kvartal 2023.<\/a><\/p>\n<p><a href=\"https:\/\/www.plin-konjscina.hr\/wp-content\/uploads\/Dopis-dostava-podataka_Pokazatelji-kvalitete_III.-kvartal-2023..doc\">Dopis dostava podataka_Pokazatelji kvalitete_III. kvartal 2023.<\/a><\/p>\n<p><a href=\"https:\/\/www.plin-konjscina.hr\/wp-content\/uploads\/Dopis-dostava-podataka_Pokazatelji-kvalitete_IV.-kvartal-2023..doc\">Dopis dostava podataka_Pokazatelji kvalitete_IV. kvartal 2023.<\/a><\/p>\n<p>&nbsp;<\/p>\n<hr \/>\n<p><strong>2022. GODINA<\/strong><\/p>\n<p><a href=\"https:\/\/www.plin-konjscina.hr\/wp-content\/uploads\/Godisnje-izvjesce_ODS.pdf\">Godisnje izvjesce_ODS<\/a><\/p>\n<p><a href=\"https:\/\/www.plin-konjscina.hr\/wp-content\/uploads\/Godisnje-izvjesce_OPS.pdf\">Godisnje izvjesce_OPS<\/a><\/p>\n<p>&nbsp;<\/p>\n<p><a href=\"https:\/\/www.plin-konjscina.hr\/wp-content\/uploads\/Dopis-dostava-podataka_Pokazatelji-kvalitete_I.-kvartal-2022..doc\">Dopis dostava podataka_Pokazatelji kvalitete_I. kvartal 2022.<\/a><\/p>\n<p><a href=\"https:\/\/www.plin-konjscina.hr\/wp-content\/uploads\/Dopis-dostava-podataka_Pokazatelji-kvalitete_II.-kvartal-2022..doc\">Dopis dostava podataka_Pokazatelji kvalitete_II. kvartal 2022.<\/a><\/p>\n<p><a href=\"https:\/\/www.plin-konjscina.hr\/wp-content\/uploads\/Dopis-dostava-podataka_Pokazatelji-kvalitete_III.-kvartal-2022..pdf\">Dopis dostava podataka_Pokazatelji kvalitete_III. kvartal 2022.<\/a><\/p>\n<p><a href=\"https:\/\/www.plin-konjscina.hr\/wp-content\/uploads\/Dopis-dostava-podataka_Pokazatelji-kvalitete_IV.-kvartal-2022..doc\">Dopis dostava podataka_Pokazatelji kvalitete_IV. kvartal 2022.<\/a><\/p>\n<hr \/>\n<p><strong>2021. GODINA<\/strong><\/p>\n<p><a href=\"https:\/\/www.plin-konjscina.hr\/wp-content\/uploads\/Godisnje-izvjesce-o-kvaliteti-opskrbe-za-2021.god_._ODS.pdf\">Godisnje izvjesce o kvaliteti opskrbe za 2021.god._ODS<\/a><\/p>\n<p><a href=\"https:\/\/www.plin-konjscina.hr\/wp-content\/uploads\/Godisnje-izvjesce-o-kvaliteti-opskrbe-za-2021.god_._OPS.pdf\">Godisnje izvjesce o kvaliteti opskrbe za 2021.god._OPS<\/a><\/p>\n<p>&nbsp;<\/p>\n<p><a href=\"https:\/\/www.plin-konjscina.hr\/wp-content\/uploads\/Dopis-dostava-podataka_Pokazatelji-kvalitete_I.-kvartal-2021..doc\">Dopis dostava podataka_Pokazatelji kvalitete_I. kvartal 2021.<\/a><\/p>\n<p><a href=\"https:\/\/www.plin-konjscina.hr\/wp-content\/uploads\/Dopis-dostava-podataka_Pokazatelji-kvalitete_II.-kvartal.pdf\">Dopis dostava podataka_Pokazatelji kvalitete_II. kvartal<\/a><\/p>\n<p><a href=\"https:\/\/www.plin-konjscina.hr\/wp-content\/uploads\/Dopis-dostava-podataka_Pokazatelji-kvalitete_III.-kvartal.pdf\">Dopis dostava podataka_Pokazatelji kvalitete_III. kvartal<\/a><\/p>\n<p><a href=\"https:\/\/www.plin-konjscina.hr\/wp-content\/uploads\/Dopis-dostava-podataka_Pokazatelji-kvalitete_IV.-kvartal-2021..doc\">Dopis dostava podataka_Pokazatelji kvalitete_IV. kvartal 2021.<\/a><\/p>\n<p>&nbsp;<\/p>\n<hr \/>\n<p><strong>2020. GODINA<\/strong><\/p>\n<p><a href=\"https:\/\/www.plin-konjscina.hr\/wp-content\/uploads\/Godisnje-izvjesce-za-2020._OPS.pdf\">Godisnje izvjesce za 2020._OPS<\/a><\/p>\n<p><a href=\"https:\/\/www.plin-konjscina.hr\/wp-content\/uploads\/Godisnje-izvjesce-za-2020._ODS.pdf\">Godisnje izvjesce za 2020._ODS<\/a><\/p>\n<p><a href=\"https:\/\/www.plin-konjscina.hr\/wp-content\/uploads\/Dopis-dostava-podataka_Pokazatelji-kvalitete_Q1_20.pdf\">Dopis dostava podataka_Pokazatelji kvalitete_Q1_20<\/a><\/p>\n<p><a href=\"https:\/\/www.plin-konjscina.hr\/wp-content\/uploads\/Dopis-dostava-podataka_Pokazatelji-kvalitete_Q2_20.pdf\">Dopis dostava podataka_Pokazatelji kvalitete_Q2_20<\/a><\/p>\n<p><a href=\"https:\/\/www.plin-konjscina.hr\/wp-content\/uploads\/Dopis-dostava-podataka_Pokazatelji-kvalitete_Q3_20.pdf\">Dopis dostava podataka_Pokazatelji kvalitete_Q3_20<\/a><\/p>\n<p><a href=\"https:\/\/www.plin-konjscina.hr\/wp-content\/uploads\/Dopis-dostava-podataka_Pokazatelji-kvalitete_Q4_20.pdf\">Dopis dostava podataka_Pokazatelji kvalitete_Q4_20<\/a><\/p>\n<hr \/>\n<p>&nbsp;<\/p>\n<p><strong>2019 GODINA<\/strong><\/p>\n<p><a href=\"https:\/\/www.plin-konjscina.hr\/wp-content\/uploads\/Godisnje-izvjesce-za-2019._OPS.pdf\">Godisnje izvjesce za 2019._OPS<\/a><\/p>\n<p><a href=\"https:\/\/www.plin-konjscina.hr\/wp-content\/uploads\/Godisnje-izvjesce-za-2019._ODS.pdf\">Godisnje izvjesce za 2019._ODS<\/a><\/p>\n<p><a href=\"https:\/\/www.plin-konjscina.hr\/wp-content\/uploads\/Dopis-dost.-god.-izvje\u0161\u0107a-o-kvalit.-opskrbe-plinom_Q1_19.pdf\">Dopis dost. god. izvje\u0161\u0107a o kvalit. opskrbe plinom_Q1_19<\/a><\/p>\n<p><a href=\"https:\/\/www.plin-konjscina.hr\/wp-content\/uploads\/Dopis-dost.-god.-izvje\u0161\u0107a-o-kvalit.-opskrbe-plinom_Q2_19.pdf\">Dopis dost. god. izvje\u0161\u0107a o kvalit. opskrbe plinom_Q2_19<\/a><\/p>\n<p><a href=\"https:\/\/www.plin-konjscina.hr\/wp-content\/uploads\/Dopis-dost.-god.-izvje\u0161\u0107a-o-kvalit.-opskrbe-plinom_Q3_19.pdf\">Dopis dost. god. izvje\u0161\u0107a o kvalit. opskrbe plinom_Q3_19<\/a><\/p>\n<p><a href=\"https:\/\/www.plin-konjscina.hr\/wp-content\/uploads\/Dopis-dost.-god.-izvje\u0161\u0107a-o-kvalit.-opskrbe-plinom_Q4_19.pdf\">Dopis dost. god. izvje\u0161\u0107a o kvalit. opskrbe plinom_Q4_19<\/a><\/p>\n<hr \/>\n<p>&nbsp;<\/p>\n<p><strong>2018 GODINA<\/strong><\/p>\n<p><a href=\"https:\/\/www.plin-konjscina.hr\/wp-content\/uploads\/Pokazatelji-kvalitete-opskbe-plinom-za-2018._OPS.pdf\">Pokazatelji kvalitete opskbe plinom za 2018._OPS<\/a><\/p>\n<p><a href=\"https:\/\/www.plin-konjscina.hr\/wp-content\/uploads\/Pokazatelji-kvalitete-opskrbe-plinom-za-2018._ODS.pdf\">Pokazatelji kvalitete opskrbe plinom za 2018._ODS<\/a><\/p>\n<p><a href=\"https:\/\/www.plin-konjscina.hr\/wp-content\/uploads\/Dopis-dost.-god.-izvje\u0161\u0107a-o-kvalit.-opskrbe-plinom_Q1_18.pdf\">Dopis dost. god. izvje\u0161\u0107a o kvalit. opskrbe plinom_Q1_18<\/a><\/p>\n<p><a href=\"https:\/\/www.plin-konjscina.hr\/wp-content\/uploads\/Dopis-dost.-god.-izvje\u0161\u0107a-o-kvalit.-opskrbe-plinom_Q2_18.pdf\">Dopis dost. god. izvje\u0161\u0107a o kvalit. opskrbe plinom_Q2_18<\/a><\/p>\n<p><a href=\"https:\/\/www.plin-konjscina.hr\/wp-content\/uploads\/Dopis-dost.-god.-izvje\u0161\u0107a-o-kvalit.-opskrbe-plinom_Q3_18.pdf\">Dopis dost. god. izvje\u0161\u0107a o kvalit. opskrbe plinom_Q3_18<\/a><\/p>\n<p><a href=\"https:\/\/www.plin-konjscina.hr\/wp-content\/uploads\/Dopis-dost.-god.-izvje\u0161\u0107a-o-kvalit.-opskrbe-plinom_Q4_18.pdf\">Dopis dost. god. izvje\u0161\u0107a o kvalit. opskrbe plinom_Q4_18<\/a><\/p>\n<p>&nbsp;<\/p>\n<p>&nbsp;<\/p>\n","protected":false},"excerpt":{"rendered":"<p>KVARTALNI GARANTIRANI POKAZATELJI KVALITETE 2024. GODINA Godi\u0161nje izvje\u0161\u0107e o kvaliteti opskrbe plinom 2024. &#8211; ODS Godi\u0161nje izvje\u0161\u0107e o kvaliteti opskrbe plinom 2024. &#8211; OPS 2023. GODINA Godisnje izvjesce_kvaliteta usluge_ODS_2023 Godisnje izvjesce_kvaliteta usluge_OPS_2023 &nbsp; Dopis dostava podataka_Pokazatelji kvalitete_I. kvartal 2023. Dopis&hellip; <a href=\"https:\/\/www.plin-konjscina.hr\/?page_id=461\" class=\"more-link\">Continue Reading <span class=\"meta-nav\">&rarr;<\/span><\/a><\/p>\n","protected":false},"author":4,"featured_media":0,"parent":124,"menu_order":0,"comment_status":"closed","ping_status":"closed","template":"","meta":{"footnotes":""},"class_list":["post-461","page","type-page","status-publish","hentry"],"_links":{"self":[{"href":"https:\/\/www.plin-konjscina.hr\/index.php?rest_route=\/wp\/v2\/pages\/461","targetHints":{"allow":["GET"]}}],"collection":[{"href":"https:\/\/www.plin-konjscina.hr\/index.php?rest_route=\/wp\/v2\/pages"}],"about":[{"href":"https:\/\/www.plin-konjscina.hr\/index.php?rest_route=\/wp\/v2\/types\/page"}],"author":[{"embeddable":true,"href":"https:\/\/www.plin-konjscina.hr\/index.php?rest_route=\/wp\/v2\/users\/4"}],"replies":[{"embeddable":true,"href":"https:\/\/www.plin-konjscina.hr\/index.php?rest_route=%2Fwp%2Fv2%2Fcomments&post=461"}],"version-history":[{"count":26,"href":"https:\/\/www.plin-konjscina.hr\/index.php?rest_route=\/wp\/v2\/pages\/461\/revisions"}],"predecessor-version":[{"id":1338,"href":"https:\/\/www.plin-konjscina.hr\/index.php?rest_route=\/wp\/v2\/pages\/461\/revisions\/1338"}],"up":[{"embeddable":true,"href":"https:\/\/www.plin-konjscina.hr\/index.php?rest_route=\/wp\/v2\/pages\/124"}],"wp:attachment":[{"href":"https:\/\/www.plin-konjscina.hr\/index.php?rest_route=%2Fwp%2Fv2%2Fmedia&parent=461"}],"curies":[{"name":"wp","href":"https:\/\/api.w.org\/{rel}","templated":true}]}}