{"id":346,"date":"2018-10-01T20:08:37","date_gmt":"2018-10-01T20:08:37","guid":{"rendered":"http:\/\/www.klijent.mart.hr\/plinnew\/?page_id=346"},"modified":"2018-10-01T20:09:22","modified_gmt":"2018-10-01T20:09:22","slug":"prigovor-potrosaca","status":"publish","type":"page","link":"https:\/\/www.plin-konjscina.hr\/?page_id=346","title":{"rendered":"Prigovor potro\u0161a\u010da"},"content":{"rendered":"<p>Na temelju \u010dlanka 10. Zakona o za\u0161titi potro\u0161a\u010da (NN 41\/14) potro\u0161a\u010d mo\u017ee podnijeti pisani<br \/>\nprigovor:<\/p>\n<p>a) Po\u0161tom na adresu: PLIN KONJ\u0160\u010cINA d.o.o. 49282 KONJ\u0160\u010cINA, Bistri\u010dka cesta 1<br \/>\nb) Telefaksom na broj: 049\/226-426<br \/>\nc) Osobno u poslovnim prostorijama PLIN KONJ\u0160\u010cINA d.o.o. u Konj\u0161\u010dini, Bistri\u010dka cesta 1<br \/>\nd) Elektroni\u010dkom po\u0161tom na: info@plin-konjscina.hr<\/p>\n<p>Plin Konj\u0161\u010dina d.o.o. \u0107e potro\u0161a\u010du odgovoriti na prigovor u pisanom obliku, u roku od 15<br \/>\ndana od dana zaprimanja prigovora<\/p>\n","protected":false},"excerpt":{"rendered":"<p>Na temelju \u010dlanka 10. Zakona o za\u0161titi potro\u0161a\u010da (NN 41\/14) potro\u0161a\u010d mo\u017ee podnijeti pisani prigovor: a) Po\u0161tom na adresu: PLIN KONJ\u0160\u010cINA d.o.o. 49282 KONJ\u0160\u010cINA, Bistri\u010dka cesta 1 b) Telefaksom na broj: 049\/226-426 c) Osobno u poslovnim prostorijama PLIN KONJ\u0160\u010cINA d.o.o.&hellip; <a href=\"https:\/\/www.plin-konjscina.hr\/?page_id=346\" class=\"more-link\">Continue Reading <span class=\"meta-nav\">&rarr;<\/span><\/a><\/p>\n","protected":false},"author":1,"featured_media":207,"parent":124,"menu_order":0,"comment_status":"closed","ping_status":"closed","template":"","meta":{"footnotes":""},"class_list":["post-346","page","type-page","status-publish","has-post-thumbnail","hentry"],"_links":{"self":[{"href":"https:\/\/www.plin-konjscina.hr\/index.php?rest_route=\/wp\/v2\/pages\/346","targetHints":{"allow":["GET"]}}],"collection":[{"href":"https:\/\/www.plin-konjscina.hr\/index.php?rest_route=\/wp\/v2\/pages"}],"about":[{"href":"https:\/\/www.plin-konjscina.hr\/index.php?rest_route=\/wp\/v2\/types\/page"}],"author":[{"embeddable":true,"href":"https:\/\/www.plin-konjscina.hr\/index.php?rest_route=\/wp\/v2\/users\/1"}],"replies":[{"embeddable":true,"href":"https:\/\/www.plin-konjscina.hr\/index.php?rest_route=%2Fwp%2Fv2%2Fcomments&post=346"}],"version-history":[{"count":1,"href":"https:\/\/www.plin-konjscina.hr\/index.php?rest_route=\/wp\/v2\/pages\/346\/revisions"}],"predecessor-version":[{"id":347,"href":"https:\/\/www.plin-konjscina.hr\/index.php?rest_route=\/wp\/v2\/pages\/346\/revisions\/347"}],"up":[{"embeddable":true,"href":"https:\/\/www.plin-konjscina.hr\/index.php?rest_route=\/wp\/v2\/pages\/124"}],"wp:featuredmedia":[{"embeddable":true,"href":"https:\/\/www.plin-konjscina.hr\/index.php?rest_route=\/wp\/v2\/media\/207"}],"wp:attachment":[{"href":"https:\/\/www.plin-konjscina.hr\/index.php?rest_route=%2Fwp%2Fv2%2Fmedia&parent=346"}],"curies":[{"name":"wp","href":"https:\/\/api.w.org\/{rel}","templated":true}]}}