{"id":338,"date":"2018-10-01T20:02:55","date_gmt":"2018-10-01T20:02:55","guid":{"rendered":"http:\/\/www.klijent.mart.hr\/plinnew\/?page_id=338"},"modified":"2024-02-27T06:41:34","modified_gmt":"2024-02-27T06:41:34","slug":"promjena-opskrbljivaca","status":"publish","type":"page","link":"https:\/\/www.plin-konjscina.hr\/?page_id=338","title":{"rendered":"Promjena opskrbljiva\u010da"},"content":{"rendered":"<p>Postupak promjene opskrbljiva\u010da reguliran je \u010dl. 33. Op\u0107ih uvjeta opskrbe plinom (NN br. 158\/13) \u0161to je vizualno prikazano shematskim prikazom u Prilogu 1. koji se nalazi na dnu ovog teksta.<br \/>\nOsnovni koraci postupka promjene opskrbljiva\u010da za krajnjeg kupca priklju\u010denog na distribucijski sustav su:<br \/>\n&#8211; Krajnji kupac (KK) podnosi Novom opskrbljiva\u010du (NOPS) Zahtjev za promjenu opskrbljiva\u010da na obrascu OBR1-DS.<br \/>\n&#8211; Novi opskrbljiva\u010d (NOPS) prihva\u0107a ili odbija Zahtjev za promjenu opskrbljiva\u010da<strong><br \/>\n<\/strong><\/p>\n<hr \/>\n<p>&#8211; Ukoliko je Zahtjev prihva\u0107en Novi opskrbljiva\u010d (NOPS) o tome obavje\u0161tava Operatora distribucijskog sustava (ODS) i Operatora tr\u017ei\u0161ta plina (HROTE) dostavljanjem obrasca OBR2-DS<br \/>\n&#8211; Operator distribucijskog sustava (ODS) nakon zaprimanja obrasca OBR2-DS u koracima provjerava:<br \/>\n&#8211; Uskla\u0111enost i valjanost podataka navedenih u obrascu<br \/>\n&#8211; Postojanje nepodmirenih potra\u017eivanja postoje\u0107eg opskrbljiva\u010da i da li novi opskrbljiva\u010d raspola\u017ee kapacitetom transportnog sustava na izlazu na koji je priklju\u010den krajnji kupac. Ukoliko nema nepodmirenog valutnog duga, postoji rezervirani transportni kapacitet i valjani ugovor o distribuciji ODS donosi odluku o potrebi i datumu o\u010ditanja stanja plinomjera \u0161to se smatra dan provedbe promjene opskrbljiva\u010da.<br \/>\n&#8211; Operator distribucijskog sustava (ODS) najkasnije do petnaestog dana promjene opskrbljiva\u010da dostavlja stanje plinomjera i potvrdu o provedenom postupku promjene opskrbljiva\u010da plinom novom i postoje\u0107em opskrbljiva\u010du.<strong><br \/>\n<\/strong><\/p>\n<hr \/>\n<p>&#8211; Po zaprimanju potvrde o promjeni opskrbljiva\u010da Novi opskrbljiva\u010d dostavlja Krajnjem kupcu s njegove strane potpisani ugovor o opskrbi plinom.<br \/>\nZahtjev OBR1-DS krajnji kupac podnosi novom opskrbljiva\u010du pisanim ili elektroni\u010dkim putem na e-mail:<a href=\"mailto:info@plin-konjscina.hr\">info@plin-konjscina.hr<\/a>. Novi opskrbljiva\u010d obavje\u0161tava operatora distribucijskog sustava o promjeni opskrbljiva\u010da pisanim putem dostavljanjem potpisanog i ovjerenog obrasca OBR2-DS<\/p>\n\n<!-- Generated using Document Gallery. Get yours here: http:\/\/wordpress.org\/extend\/plugins\/document-gallery -->\n<div id=\"document-gallery-1\" class=\"document-gallery\" data-shortcode='{\"id\":338,\"include\":\"341,342,343\",\"exclude\":\"\",\"columns\":4,\"fancy\":true,\"order\":\"ASC\",\"orderby\":\"post__in\",\"relation\":\"AND\",\"limit\":-1,\"mime_types\":\"application,video,text,audio,image,application\\\/vnd.ms-excel\",\"new_window\":true,\"paginate\":true,\"post_status\":\"any\",\"post_type\":\"attachment\",\"attachment_pg\":false,\"descriptions\":false,\"skip\":0}' data-icon-width='24'>\n<div class='document-icon-row'>\n   <div class=\"document-icon\">\n      <a href=\"https:\/\/www.plin-konjscina.hr\/wp-content\/uploads\/2018\/10\/OBR1-DS.xlsx\" target=\"_blank\">\n         <img decoding=\"async\" src=\"https:\/\/www.plin-konjscina.hr\/wp-content\/plugins\/document-gallery\/assets\/icons\/msxls.png\" title=\"Obrazac OBR1-DS\" alt=\"Obrazac OBR1-DS\" data-ext=\"xlsx\"\/>\n         <span class=\"title\">Obrazac OBR1-DS<\/span>\n      <\/a>\n   <\/div>\n   <div class=\"document-icon\">\n      <a href=\"https:\/\/www.plin-konjscina.hr\/wp-content\/uploads\/2018\/10\/OBR2-DS.xlsx\" target=\"_blank\">\n         <img decoding=\"async\" src=\"https:\/\/www.plin-konjscina.hr\/wp-content\/plugins\/document-gallery\/assets\/icons\/msxls.png\" title=\"Obrazac OBR2-DS\" alt=\"Obrazac OBR2-DS\" data-ext=\"xlsx\"\/>\n         <span class=\"title\">Obrazac OBR2-DS<\/span>\n      <\/a>\n   <\/div>\n   <div class=\"document-icon\">\n      <a href=\"https:\/\/www.plin-konjscina.hr\/wp-content\/uploads\/2018\/10\/prilog1.pdf\" target=\"_blank\">\n         <img decoding=\"async\" src=\"https:\/\/www.plin-konjscina.hr\/wp-content\/uploads\/2018\/10\/prilog1-thumb.png\" title=\"Prilog shema\" alt=\"Prilog shema\" data-ext=\"pdf\"\/>\n         <span class=\"title\">Prilog shema<\/span>\n      <\/a>\n   <\/div>\n\n<\/div>\n<\/div>\n<p>_________________________________________________________________<\/p>\n<p>Poveznica na mre\u017enu stranicu operatora tr\u017ei\u0161ta plina kojom se omogu\u0107ava preuzimanje obrasca zahtjeva za promjenu opskrbljiva\u010da:<\/p>\n<p>&nbsp;<\/p>\n<p><a href=\"https:\/\/www.hrote.hr\/promjena-opskrbljivaca-301\">https:\/\/www.hrote.hr\/promjena-opskrbljivaca-301<\/a><\/p>\n<p><a href=\"https:\/\/www.plin-konjscina.hr\/wp-content\/uploads\/Obrazac-zahtjeva-za-promjenom-opskrbljiva\u010da-plinom-primjer.pdf\">Obrazac zahtjeva za promjenom opskrbljiva\u010da plinom &#8211; primjer<\/a><\/p>\n<p>&nbsp;<\/p>\n<p><a href=\"https:\/\/www.plin-konjscina.hr\/wp-content\/uploads\/Obrazac-Zahtjeva-za-prekid-pokrenutog-postupka-promjene-opskrbljiva\u010da.pdf\">Obrazac Zahtjeva za prekid pokrenutog postupka promjene opskrbljiva\u010da<\/a><\/p>\n","protected":false},"excerpt":{"rendered":"<p>Postupak promjene opskrbljiva\u010da reguliran je \u010dl. 33. Op\u0107ih uvjeta opskrbe plinom (NN br. 158\/13) \u0161to je vizualno prikazano shematskim prikazom u Prilogu 1. koji se nalazi na dnu ovog teksta. Osnovni koraci postupka promjene opskrbljiva\u010da za krajnjeg kupca priklju\u010denog na&hellip; <a href=\"https:\/\/www.plin-konjscina.hr\/?page_id=338\" class=\"more-link\">Continue Reading <span class=\"meta-nav\">&rarr;<\/span><\/a><\/p>\n","protected":false},"author":1,"featured_media":0,"parent":124,"menu_order":0,"comment_status":"closed","ping_status":"closed","template":"","meta":{"footnotes":""},"class_list":["post-338","page","type-page","status-publish","hentry"],"_links":{"self":[{"href":"https:\/\/www.plin-konjscina.hr\/index.php?rest_route=\/wp\/v2\/pages\/338","targetHints":{"allow":["GET"]}}],"collection":[{"href":"https:\/\/www.plin-konjscina.hr\/index.php?rest_route=\/wp\/v2\/pages"}],"about":[{"href":"https:\/\/www.plin-konjscina.hr\/index.php?rest_route=\/wp\/v2\/types\/page"}],"author":[{"embeddable":true,"href":"https:\/\/www.plin-konjscina.hr\/index.php?rest_route=\/wp\/v2\/users\/1"}],"replies":[{"embeddable":true,"href":"https:\/\/www.plin-konjscina.hr\/index.php?rest_route=%2Fwp%2Fv2%2Fcomments&post=338"}],"version-history":[{"count":14,"href":"https:\/\/www.plin-konjscina.hr\/index.php?rest_route=\/wp\/v2\/pages\/338\/revisions"}],"predecessor-version":[{"id":1229,"href":"https:\/\/www.plin-konjscina.hr\/index.php?rest_route=\/wp\/v2\/pages\/338\/revisions\/1229"}],"up":[{"embeddable":true,"href":"https:\/\/www.plin-konjscina.hr\/index.php?rest_route=\/wp\/v2\/pages\/124"}],"wp:attachment":[{"href":"https:\/\/www.plin-konjscina.hr\/index.php?rest_route=%2Fwp%2Fv2%2Fmedia&parent=338"}],"curies":[{"name":"wp","href":"https:\/\/api.w.org\/{rel}","templated":true}]}}