{"id":323,"date":"2018-09-05T08:48:39","date_gmt":"2018-09-05T08:48:39","guid":{"rendered":"http:\/\/www.klijent.mart.hr\/plinnew\/?page_id=323"},"modified":"2018-09-05T08:49:27","modified_gmt":"2018-09-05T08:49:27","slug":"donacije","status":"publish","type":"page","link":"https:\/\/www.plin-konjscina.hr\/?page_id=323","title":{"rendered":"Donacije"},"content":{"rendered":"<h3><strong>Donacije u 2013. godini dodijeljene su:<\/strong><\/h3>\n<p>1. \u017dUPNI DVOR UZNESENJA BDM IZ ZLATARA,\u00a0 \u00a0\u00a0\u00a0 iznos \u00a0 \u00a0500,00 kn<\/p>\n<p>2. NOGOMETNI KLUB \u201eO\u0160TRC\u201c IZ ZLATARA, iznos \u00a0 \u00a0500,00 kn<\/p>\n<p>3. PU\u010cKO OTVORENO U\u010cILI\u0160TE DR. JURAJ \u017dERJAVI\u0106 IZ ZLATARA, iznos \u00a0 \u00a0500,00 kn<\/p>\n<p>4. CRKVA SV. JAKOVA U DONJOJ BATINI, iznos \u00a0 2419,27 kn<\/p>\n","protected":false},"excerpt":{"rendered":"<p>Donacije u 2013. godini dodijeljene su: 1. \u017dUPNI DVOR UZNESENJA BDM IZ ZLATARA,\u00a0 \u00a0\u00a0\u00a0 iznos \u00a0 \u00a0500,00 kn 2. NOGOMETNI KLUB \u201eO\u0160TRC\u201c IZ ZLATARA, iznos \u00a0 \u00a0500,00 kn 3. PU\u010cKO OTVORENO U\u010cILI\u0160TE DR. JURAJ \u017dERJAVI\u0106 IZ ZLATARA, iznos \u00a0 \u00a0500,00&hellip; <a href=\"https:\/\/www.plin-konjscina.hr\/?page_id=323\" class=\"more-link\">Continue Reading <span class=\"meta-nav\">&rarr;<\/span><\/a><\/p>\n","protected":false},"author":1,"featured_media":207,"parent":124,"menu_order":0,"comment_status":"closed","ping_status":"closed","template":"","meta":{"footnotes":""},"class_list":["post-323","page","type-page","status-publish","has-post-thumbnail","hentry"],"_links":{"self":[{"href":"https:\/\/www.plin-konjscina.hr\/index.php?rest_route=\/wp\/v2\/pages\/323","targetHints":{"allow":["GET"]}}],"collection":[{"href":"https:\/\/www.plin-konjscina.hr\/index.php?rest_route=\/wp\/v2\/pages"}],"about":[{"href":"https:\/\/www.plin-konjscina.hr\/index.php?rest_route=\/wp\/v2\/types\/page"}],"author":[{"embeddable":true,"href":"https:\/\/www.plin-konjscina.hr\/index.php?rest_route=\/wp\/v2\/users\/1"}],"replies":[{"embeddable":true,"href":"https:\/\/www.plin-konjscina.hr\/index.php?rest_route=%2Fwp%2Fv2%2Fcomments&post=323"}],"version-history":[{"count":2,"href":"https:\/\/www.plin-konjscina.hr\/index.php?rest_route=\/wp\/v2\/pages\/323\/revisions"}],"predecessor-version":[{"id":326,"href":"https:\/\/www.plin-konjscina.hr\/index.php?rest_route=\/wp\/v2\/pages\/323\/revisions\/326"}],"up":[{"embeddable":true,"href":"https:\/\/www.plin-konjscina.hr\/index.php?rest_route=\/wp\/v2\/pages\/124"}],"wp:featuredmedia":[{"embeddable":true,"href":"https:\/\/www.plin-konjscina.hr\/index.php?rest_route=\/wp\/v2\/media\/207"}],"wp:attachment":[{"href":"https:\/\/www.plin-konjscina.hr\/index.php?rest_route=%2Fwp%2Fv2%2Fmedia&parent=323"}],"curies":[{"name":"wp","href":"https:\/\/api.w.org\/{rel}","templated":true}]}}