{"id":261,"date":"2018-09-03T15:04:57","date_gmt":"2018-09-03T15:04:57","guid":{"rendered":"http:\/\/www.klijent.mart.hr\/plinnew\/?page_id=261"},"modified":"2019-02-13T10:14:24","modified_gmt":"2019-02-13T10:14:24","slug":"mjere-opreza","status":"publish","type":"page","link":"https:\/\/www.plin-konjscina.hr\/?page_id=261","title":{"rendered":"Mjere opreza"},"content":{"rendered":"<p><strong>MJERE OPREZA<\/strong><\/p>\n<p><strong>\u00a0<\/strong><\/p>\n<p><u>SIGURNOSNI POSTUPCI KADA SE OSJETI MIRIS PLINA<\/u>:<\/p>\n<ul>\n<li>ODMAH UGASITI PLAMEN<\/li>\n<li>ODMAH OTVORITI PROZORE I VRATA, TE PROVJETRITI PROSTORIJU<\/li>\n<li>ODMAH ISKLJU\u010cITI DOVOD PLINA (zatvoriti glavnu plinsku slavinu u plinskom ormari\u0107u ili kod plinomjera)<\/li>\n<li>NE UKLJU\u010cIVATI ELEKTRI\u010cNE URE\u0110AJE<\/li>\n<li>NE UKLJU\u010cIVATI ELEKTRI\u010cNU SKLOPKU<\/li>\n<li>NE IZVLA\u010cITI ELEKTRI\u010cNI UTIKA\u010c<\/li>\n<li>NE KORISTITI TELEFON U PROSTORIJI<\/li>\n<li>OBAVIJESTITI DE\u017dURNU SLU\u017dBU NA BROJ TELEFONA 098\/393-647<\/li>\n<\/ul>\n<p><strong>Provjere ispravnosti pl. instalacije<\/strong><\/p>\n<p>Redovnom provjerom ispravnosti plinske instalacije osigurava se minimalna razina sigurnosti i ispravne opskrbe plinom pojedinog stambenog ili poslovnog objekta ili prostora, a \u010dime se uz sigurnost opskrbe plinom pojedinog potro\u0161a\u010da plina osigurava i sigurnost svih drugih vlasnika i korisnika objekata i prostora. Omogu\u0107ite radnicima PLIN KONJ\u0160\u010cINA d.o.o. pregled ispravnosti plinske instalacije. Ukoliko ste prona\u0161li obavijest da Vas nismo prona\u0161li, molimo Vas javite se na ostavljenu obavijest i dogovorite termin za provjeru ispravnosti plinske instalacije.<\/p>\n<p><strong>Redovno odr\u017eavanje sustava<\/strong><\/p>\n<p>Redovni pregledi va\u0161ih plinskih aparata prema tehni\u010dkim uputama servisera, redovna kontrola va\u0161ih dimovodnih sustava pove\u0107ava i odr\u017eava nivo sigurnosti te su obveza vas kao korisnika ili vlasnika stambenih, poslovnih i drugih prostora.<\/p>\n<p><strong>Rekonstrukcije va\u0161ih objekata<\/strong><\/p>\n<p>Svaka rekonstrukcija va\u0161eg objekta, koji koristi plin kao energent, zahtijeva izvo\u0111enje od za to stru\u010dnih osoba. <u>Energetsko pobolj\u0161anje objekta zamjenom stolarije i ugradnjom PVC ili sli\u010dnih visokoenergetskih materijala i izvedbe zahtijeva naro\u010diti oprez i kontrolu rada plinskih ure\u0111aja u takvim prostorima, za koje je obvezna konzultacija, kontrola i prilagodba rada plinskih ure\u0111aja s ugra\u0111enim sustavima ventilacije (kuhinjske nape) od strane stru\u010dnih osoba.<\/u><\/p>\n<p><em>Molimo da sve promjene na va\u0161em plinskom sustavu mjerenog plina prijavite kod va\u0161eg Operatora distribucijskog sustava, \u010dime pove\u0107avate nivo sigurnosti vas kao vlasnika i korisnika istih.<\/em><\/p>\n<p>&nbsp;<\/p>\n<p><strong>PRIRONI PLIN siguran pri uporabi &#8211; bro\u0161ura<\/strong><\/p>\n<p><a href=\"https:\/\/www.plin-konjscina.hr\/wp-content\/uploads\/Prirodni-plin-siguran-pri-uporabi.pdf\">Prirodni plin &#8211; siguran pri uporabi<\/a><\/p>\n","protected":false},"excerpt":{"rendered":"<p>MJERE OPREZA \u00a0 SIGURNOSNI POSTUPCI KADA SE OSJETI MIRIS PLINA: ODMAH UGASITI PLAMEN ODMAH OTVORITI PROZORE I VRATA, TE PROVJETRITI PROSTORIJU ODMAH ISKLJU\u010cITI DOVOD PLINA (zatvoriti glavnu plinsku slavinu u plinskom ormari\u0107u ili kod plinomjera) NE UKLJU\u010cIVATI ELEKTRI\u010cNE URE\u0110AJE NE&hellip; <a href=\"https:\/\/www.plin-konjscina.hr\/?page_id=261\" class=\"more-link\">Continue Reading <span class=\"meta-nav\">&rarr;<\/span><\/a><\/p>\n","protected":false},"author":1,"featured_media":0,"parent":124,"menu_order":0,"comment_status":"closed","ping_status":"closed","template":"","meta":{"footnotes":""},"class_list":["post-261","page","type-page","status-publish","hentry"],"_links":{"self":[{"href":"https:\/\/www.plin-konjscina.hr\/index.php?rest_route=\/wp\/v2\/pages\/261","targetHints":{"allow":["GET"]}}],"collection":[{"href":"https:\/\/www.plin-konjscina.hr\/index.php?rest_route=\/wp\/v2\/pages"}],"about":[{"href":"https:\/\/www.plin-konjscina.hr\/index.php?rest_route=\/wp\/v2\/types\/page"}],"author":[{"embeddable":true,"href":"https:\/\/www.plin-konjscina.hr\/index.php?rest_route=\/wp\/v2\/users\/1"}],"replies":[{"embeddable":true,"href":"https:\/\/www.plin-konjscina.hr\/index.php?rest_route=%2Fwp%2Fv2%2Fcomments&post=261"}],"version-history":[{"count":6,"href":"https:\/\/www.plin-konjscina.hr\/index.php?rest_route=\/wp\/v2\/pages\/261\/revisions"}],"predecessor-version":[{"id":450,"href":"https:\/\/www.plin-konjscina.hr\/index.php?rest_route=\/wp\/v2\/pages\/261\/revisions\/450"}],"up":[{"embeddable":true,"href":"https:\/\/www.plin-konjscina.hr\/index.php?rest_route=\/wp\/v2\/pages\/124"}],"wp:attachment":[{"href":"https:\/\/www.plin-konjscina.hr\/index.php?rest_route=%2Fwp%2Fv2%2Fmedia&parent=261"}],"curies":[{"name":"wp","href":"https:\/\/api.w.org\/{rel}","templated":true}]}}