{"id":202,"date":"2018-08-27T18:59:37","date_gmt":"2018-08-27T18:59:37","guid":{"rendered":"http:\/\/www.klijent.mart.hr\/plinnew\/?page_id=202"},"modified":"2018-08-27T18:59:37","modified_gmt":"2018-08-27T18:59:37","slug":"dimnjaci","status":"publish","type":"page","link":"https:\/\/www.plin-konjscina.hr\/?page_id=202","title":{"rendered":"Dimnjaci"},"content":{"rendered":"\n<p>Dimnjak je sastavni dio plinske instalacije, te ima veliku va\u017enost za pravilan rad plinskog tro\u0161ila. Dimnjak je potrebno redovito kontrolirati, stoga omogu\u0107ite ovla\u0161tenom dimnja\u010daru da pregleda va\u0161e dimovodne instalacije, a za izvr\u0161eni posao izda potvrdu o ispravnosti.<\/p>\n\n\n\n<p>Ve\u0107ina plinskih tro\u0161ila za izgaranje plina tro\u0161i zrak iz prostorije u kojoj su smje\u0161tena. Iz tog razloga ventilacijski otvori moraju uvijek biti otvoreni i prohodni, te ih je potrebno povremeno o\u010distiti od pra\u0161ine.<\/p>\n","protected":false},"excerpt":{"rendered":"<p>Dimnjak je sastavni dio plinske instalacije, te ima veliku va\u017enost za pravilan rad plinskog tro\u0161ila. Dimnjak je potrebno redovito kontrolirati, stoga omogu\u0107ite ovla\u0161tenom dimnja\u010daru da pregleda va\u0161e dimovodne instalacije, a za izvr\u0161eni posao izda potvrdu o ispravnosti. Ve\u0107ina plinskih tro\u0161ila&hellip; <a href=\"https:\/\/www.plin-konjscina.hr\/?page_id=202\" class=\"more-link\">Continue Reading <span class=\"meta-nav\">&rarr;<\/span><\/a><\/p>\n","protected":false},"author":1,"featured_media":0,"parent":124,"menu_order":0,"comment_status":"closed","ping_status":"closed","template":"","meta":{"footnotes":""},"class_list":["post-202","page","type-page","status-publish","hentry"],"_links":{"self":[{"href":"https:\/\/www.plin-konjscina.hr\/index.php?rest_route=\/wp\/v2\/pages\/202","targetHints":{"allow":["GET"]}}],"collection":[{"href":"https:\/\/www.plin-konjscina.hr\/index.php?rest_route=\/wp\/v2\/pages"}],"about":[{"href":"https:\/\/www.plin-konjscina.hr\/index.php?rest_route=\/wp\/v2\/types\/page"}],"author":[{"embeddable":true,"href":"https:\/\/www.plin-konjscina.hr\/index.php?rest_route=\/wp\/v2\/users\/1"}],"replies":[{"embeddable":true,"href":"https:\/\/www.plin-konjscina.hr\/index.php?rest_route=%2Fwp%2Fv2%2Fcomments&post=202"}],"version-history":[{"count":1,"href":"https:\/\/www.plin-konjscina.hr\/index.php?rest_route=\/wp\/v2\/pages\/202\/revisions"}],"predecessor-version":[{"id":203,"href":"https:\/\/www.plin-konjscina.hr\/index.php?rest_route=\/wp\/v2\/pages\/202\/revisions\/203"}],"up":[{"embeddable":true,"href":"https:\/\/www.plin-konjscina.hr\/index.php?rest_route=\/wp\/v2\/pages\/124"}],"wp:attachment":[{"href":"https:\/\/www.plin-konjscina.hr\/index.php?rest_route=%2Fwp%2Fv2%2Fmedia&parent=202"}],"curies":[{"name":"wp","href":"https:\/\/api.w.org\/{rel}","templated":true}]}}