{"id":20,"date":"2018-08-21T21:27:09","date_gmt":"2018-08-21T21:27:09","guid":{"rendered":"http:\/\/www.klijent.mart.hr\/plinnew\/?page_id=20"},"modified":"2026-03-02T06:58:16","modified_gmt":"2026-03-02T06:58:16","slug":"kontakt","status":"publish","type":"page","link":"https:\/\/www.plin-konjscina.hr\/?page_id=20","title":{"rendered":"Kontakt"},"content":{"rendered":"<p>PLIN KONJ\u0160\u010cINA d.o.o.<\/p>\n<p>Bistri\u010dka cesta 1, 49282 Konj\u0161\u010dina<\/p>\n<p><strong>Telefon:<\/strong> 049\/226-426<\/p>\n<p><strong>Besplatni info telefon:\u00a0<\/strong>0800 200 198<br \/>\n<strong>E-mail:<\/strong> info@plin-konjscina.hr<\/p>\n<p><strong>Radno vrijeme:<\/strong> 07:00 &#8211; 15:00<br \/>\n<strong>Pauza:<\/strong> 10:00- 10.30<\/p>\n<p><strong>IBAN:<\/strong> HR6023400091110365521 Privredna banka Zagreb d.d., podru\u017enica Krapina, Magistratska 3<\/p>\n","protected":false},"excerpt":{"rendered":"<p>PLIN KONJ\u0160\u010cINA d.o.o. Bistri\u010dka cesta 1, 49282 Konj\u0161\u010dina Telefon: 049\/226-426 Besplatni info telefon:\u00a00800 200 198 E-mail: info@plin-konjscina.hr Radno vrijeme: 07:00 &#8211; 15:00 Pauza: 10:00- 10.30 IBAN: HR6023400091110365521 Privredna banka Zagreb d.d., podru\u017enica Krapina, Magistratska 3<\/p>\n","protected":false},"author":1,"featured_media":207,"parent":14,"menu_order":0,"comment_status":"closed","ping_status":"closed","template":"","meta":{"footnotes":""},"class_list":["post-20","page","type-page","status-publish","has-post-thumbnail","hentry"],"_links":{"self":[{"href":"https:\/\/www.plin-konjscina.hr\/index.php?rest_route=\/wp\/v2\/pages\/20","targetHints":{"allow":["GET"]}}],"collection":[{"href":"https:\/\/www.plin-konjscina.hr\/index.php?rest_route=\/wp\/v2\/pages"}],"about":[{"href":"https:\/\/www.plin-konjscina.hr\/index.php?rest_route=\/wp\/v2\/types\/page"}],"author":[{"embeddable":true,"href":"https:\/\/www.plin-konjscina.hr\/index.php?rest_route=\/wp\/v2\/users\/1"}],"replies":[{"embeddable":true,"href":"https:\/\/www.plin-konjscina.hr\/index.php?rest_route=%2Fwp%2Fv2%2Fcomments&post=20"}],"version-history":[{"count":5,"href":"https:\/\/www.plin-konjscina.hr\/index.php?rest_route=\/wp\/v2\/pages\/20\/revisions"}],"predecessor-version":[{"id":1441,"href":"https:\/\/www.plin-konjscina.hr\/index.php?rest_route=\/wp\/v2\/pages\/20\/revisions\/1441"}],"up":[{"embeddable":true,"href":"https:\/\/www.plin-konjscina.hr\/index.php?rest_route=\/wp\/v2\/pages\/14"}],"wp:featuredmedia":[{"embeddable":true,"href":"https:\/\/www.plin-konjscina.hr\/index.php?rest_route=\/wp\/v2\/media\/207"}],"wp:attachment":[{"href":"https:\/\/www.plin-konjscina.hr\/index.php?rest_route=%2Fwp%2Fv2%2Fmedia&parent=20"}],"curies":[{"name":"wp","href":"https:\/\/api.w.org\/{rel}","templated":true}]}}