{"id":177,"date":"2018-08-27T18:32:42","date_gmt":"2018-08-27T18:32:42","guid":{"rendered":"http:\/\/www.klijent.mart.hr\/plinnew\/?page_id=177"},"modified":"2026-02-25T10:25:11","modified_gmt":"2026-02-25T10:25:11","slug":"tarif-stavke-i-modeli","status":"publish","type":"page","link":"https:\/\/www.plin-konjscina.hr\/?page_id=177","title":{"rendered":"Tarif. stavke i modeli"},"content":{"rendered":"\r\n<p><a href=\"https:\/\/www.hera.hr\/hr\/docs\/2024\/Odluka_2024-08-29_01.pdf\" target=\"_blank\" rel=\"noopener\">Odluka o iznosu TS za JUOP za razdoblje od 1. listopada do 31. prosinca 2024\u00a0te za razdoblje od 1. sije\u010dnja do 30. rujna 2025.<\/a><\/p>\r\n<p><a href=\"https:\/\/www.plin-konjscina.hr\/wp-content\/uploads\/Odluka-o-iznosu-tarifnih-stavki-za-javnu-uslugu-opskrbe-plinom-za-razdoblje-od-1.-listopada-do-31.-prosinca-2025_.pdf\">Odluka o iznosu tarifnih stavki za javnu uslugu opskrbe plinom za razdoblje od 1. listopada do 31. prosinca 2025<\/a><\/p>\r\n<p><a href=\"https:\/\/www.plin-konjscina.hr\/wp-content\/uploads\/Odluka-o-iznosu-tarifnih-stavki-za-javnu-uslugu-opskrbe-plinom-za-razdoblje-od-1.-sijecnja-do-30.-rujna-2026_.pdf\">Odluka o iznosu tarifnih stavki za javnu uslugu opskrbe plinom za razdoblje od 1. sije\u010dnja do 30. rujna 2026<\/a><\/p>\r\n<p>&nbsp;<\/p>\r\n<p><strong><a href=\"https:\/\/www.plin-konjscina.hr\/?page_id=1404\">Arhiva cijena<\/a><\/strong><\/p>\r\n<p>&nbsp;<\/p>\r\n<p style=\"text-align: center;\">OBAVIJEST<\/p>\r\n<p style=\"text-align: left;\">Po\u0161tovani,<\/p>\r\n<p style=\"text-align: left;\">ovim putem vas obavje\u0161tavamo da \u0107e se od 1. travnja 2023., u skladu s \u010dlankom 21. Metodologije utvr\u0111ivanja iznosa tarifnih stavki za javnu uslugu opskrbe plinom i zajam\u010denu opskrbu (NN 108\/20 i NN 20\/22), primjenjivati iznosi tarifnih stavki za javnu uslugu opskrbe plinom odre\u0111eni va\u017ee\u0107om Odlukom (NN 108\/22).<\/p>\r\n<p style=\"text-align: left;\">Obavijest o navedenom je objavljena i na mre\u017enim stranicama HERA-e i dostupna je na sljede\u0107oj poveznici: <a href=\"https:\/\/www.hera.hr\/hr\/html\/index.html\">https:\/\/www.hera.hr\/hr\/html\/index.html<\/a>.<\/p>\r\n<p style=\"text-align: left;\">S po\u0161tovanjem,<\/p>\r\n<p style=\"text-align: left;\">Hrvatska energetska regulatorna agencija<\/p>\r\n<p style=\"text-align: center;\"><a href=\"https:\/\/www.plin-konjscina.hr\/wp-content\/uploads\/Obavijest_2022-03-11_01.pdf\">Obavijest_2022-03-11_01<\/a><\/p>\r\n<p style=\"text-align: center;\"><a href=\"https:\/\/www.plin-konjscina.hr\/wp-content\/uploads\/Tarifne-stavke-za-JUOPP_od-01.01.-31.03.2022.-godine.pdf\">Tarifne stavke za JUOPP_od 01.01.-31.03.2022. godine<\/a><\/p>\r\n<p style=\"text-align: center;\"><a href=\"https:\/\/www.plin-konjscina.hr\/wp-content\/uploads\/Tarifne-stavke-za-distribuciju-plina-2022.-2026.-god.-1.pdf\">Tarifne stavke za distribuciju plina 2022.-2026. god.<\/a><\/p>\r\n<p>&nbsp;<\/p>\r\n<p><a href=\"https:\/\/www.plin-konjscina.hr\/wp-content\/uploads\/IZNOSI-TARIFNIH-STAVKI-ZA-JAVNU-USLUGU-OPSKRBE-PLINOM-ZA-RAZDOBLJE-OD-1.-LISTOPADA-DO-31.-PROSINCA-2025.pdf\">IZNOSI TARIFNIH STAVKI ZA JAVNU USLUGU OPSKRBE PLINOM ZA RAZDOBLJE OD 1. LISTOPADA DO 31. PROSINCA 2025<\/a><\/p>\r\n<p><a href=\"https:\/\/www.plin-konjscina.hr\/wp-content\/uploads\/IZNOSI-TARIFNIH-STAVKI-ZA-JAVNU-USLUGU-OPSKRBE-PLINOM-ZA-RAZDOBLJE-OD-1.-SIJECNJA-DO-30.-RUJNA-2026.pdf\">IZNOSI TARIFNIH STAVKI ZA JAVNU USLUGU OPSKRBE PLINOM ZA RAZDOBLJE OD 1. SIJE\u010cNJA DO 30. RUJNA 2026.<\/a><\/p>\r\n<p><a href=\"https:\/\/www.plin-konjscina.hr\/wp-content\/uploads\/IZNOS-TARIFNIH-STAVKI-ZA-DISTRIBUCIJU-PLINA-OD-1.10.-31.12.2025.-i-2026.-GODINA.pdf\">IZNOS TARIFNIH STAVKI ZA DISTRIBUCIJU PLINA OD 1.10.-31.12.2025. i 2026. GODINA<\/a><\/p>\r\n","protected":false},"excerpt":{"rendered":"<p>Odluka o iznosu TS za JUOP za razdoblje od 1. listopada do 31. prosinca 2024\u00a0te za razdoblje od 1. sije\u010dnja do 30. rujna 2025. Odluka o iznosu tarifnih stavki za javnu uslugu opskrbe plinom za razdoblje od 1. listopada do&hellip; <a href=\"https:\/\/www.plin-konjscina.hr\/?page_id=177\" class=\"more-link\">Continue Reading <span class=\"meta-nav\">&rarr;<\/span><\/a><\/p>\n","protected":false},"author":1,"featured_media":0,"parent":124,"menu_order":0,"comment_status":"closed","ping_status":"closed","template":"","meta":{"footnotes":""},"class_list":["post-177","page","type-page","status-publish","hentry"],"_links":{"self":[{"href":"https:\/\/www.plin-konjscina.hr\/index.php?rest_route=\/wp\/v2\/pages\/177","targetHints":{"allow":["GET"]}}],"collection":[{"href":"https:\/\/www.plin-konjscina.hr\/index.php?rest_route=\/wp\/v2\/pages"}],"about":[{"href":"https:\/\/www.plin-konjscina.hr\/index.php?rest_route=\/wp\/v2\/types\/page"}],"author":[{"embeddable":true,"href":"https:\/\/www.plin-konjscina.hr\/index.php?rest_route=\/wp\/v2\/users\/1"}],"replies":[{"embeddable":true,"href":"https:\/\/www.plin-konjscina.hr\/index.php?rest_route=%2Fwp%2Fv2%2Fcomments&post=177"}],"version-history":[{"count":53,"href":"https:\/\/www.plin-konjscina.hr\/index.php?rest_route=\/wp\/v2\/pages\/177\/revisions"}],"predecessor-version":[{"id":1436,"href":"https:\/\/www.plin-konjscina.hr\/index.php?rest_route=\/wp\/v2\/pages\/177\/revisions\/1436"}],"up":[{"embeddable":true,"href":"https:\/\/www.plin-konjscina.hr\/index.php?rest_route=\/wp\/v2\/pages\/124"}],"wp:attachment":[{"href":"https:\/\/www.plin-konjscina.hr\/index.php?rest_route=%2Fwp%2Fv2%2Fmedia&parent=177"}],"curies":[{"name":"wp","href":"https:\/\/api.w.org\/{rel}","templated":true}]}}