{"id":162,"date":"2018-08-26T18:39:02","date_gmt":"2018-08-26T18:39:02","guid":{"rendered":"http:\/\/www.klijent.mart.hr\/plinnew\/?page_id=162"},"modified":"2018-08-26T19:18:38","modified_gmt":"2018-08-26T19:18:38","slug":"distribucija-plina-2","status":"publish","type":"page","link":"https:\/\/www.plin-konjscina.hr\/?page_id=162","title":{"rendered":"Distribucija plina"},"content":{"rendered":"<p><strong>OPIS DISTRIBUCIJSKOG SUSTAVA<\/strong><br \/>\nDistribucijska plinska mre\u017ea izgra\u0111ena je prema projektnoj dokumentaciji, na temelju Studije opskrbe prirodnim plinom isto\u010dnog dijela Krapinsko-Zagorske \u017eupanije, i obuhva\u010da podru\u010dje grada Zlatara i op\u0107ina Konj\u0161\u010dina, Zlatar Bistrica, Marija Bistrica, Lobor, Budin\u0161\u010dina, Hra\u0161\u010dina, te dio op\u0107ina Gornja Stubica, Novi Golubovec i Mihovljani.<\/p>\n<p>Napajanje plinom distribucijskog sustava ostvareno je iz Plinsko mjerne redukcijske stanice (PMRS) Konj\u0161\u010dina, operatora transportnog sustava tvrtke Plinacro d.o.o. sa dvije izlazne linije 3 bar i 25 bar.<\/p>\n<p>Srednjetla\u010dnomplinskom mre\u017eom, koja se direktno napaja plinom iz PMRS Konj\u0161\u010dina radnog tlaka 3 bar, prirodni plin se distribuira na podru\u010dju op\u0107ina Konj\u0161\u010dina, Hra\u0161\u010dina i Budin\u0161\u010dina. Visokotla\u010dnim plinovodom 25 bar prirodni plin se dovodi od PMRS Konj\u0161\u010dina do PRS Zlatar Bistrica i PRS Zlatar.<\/p>\n<p>Iz navedenih plinskih redukcijskih stanica prirodni plin se distribuira putem srednjetla\u010dneplinske mre\u017ee na pdru\u010dju grada Zlatara i op\u0107ina: Zlatar Bistrica, Lobor, Marija Bistrica te dijelu op\u0107ina Gornja Stubica, Novi Golubovec i Mihovljani.<\/p>\n<p>Visokotla\u010dni plinovod izgra\u0111en je od \u010deli\u010dnih cijevi, a srednjetla\u010dna plinska mre\u017ea izgra\u0111ena je od \u010deli\u010dnih i cijevi od tvrdog polietilena (PEHD).<\/p>\n<p>\u010celi\u010dni dio distribucijskog sustava \u0161titi se katodnom za\u0161titom.<\/p>\n<p>Odorizacija plina provodi se putem odorizacijske stanice koja je smje\u0161tena neposredno uz PMRS Konj\u0161\u010dina.<\/p>\n<p>&nbsp;<\/p>\n<p><img loading=\"lazy\" decoding=\"async\" class=\"aligncenter size-full wp-image-159\" src=\"http:\/\/www.klijent.mart.hr\/plinnew\/wp-content\/uploads\/2018\/08\/ScreenHunter_47-Feb.-19-08.41.jpg\" alt=\"\" width=\"524\" height=\"754\" srcset=\"https:\/\/www.plin-konjscina.hr\/wp-content\/uploads\/2018\/08\/ScreenHunter_47-Feb.-19-08.41.jpg 524w, https:\/\/www.plin-konjscina.hr\/wp-content\/uploads\/2018\/08\/ScreenHunter_47-Feb.-19-08.41-208x300.jpg 208w\" sizes=\"auto, (max-width: 524px) 100vw, 524px\" \/><\/p>\n","protected":false},"excerpt":{"rendered":"<p>OPIS DISTRIBUCIJSKOG SUSTAVA Distribucijska plinska mre\u017ea izgra\u0111ena je prema projektnoj dokumentaciji, na temelju Studije opskrbe prirodnim plinom isto\u010dnog dijela Krapinsko-Zagorske \u017eupanije, i obuhva\u010da podru\u010dje grada Zlatara i op\u0107ina Konj\u0161\u010dina, Zlatar Bistrica, Marija Bistrica, Lobor, Budin\u0161\u010dina, Hra\u0161\u010dina, te dio op\u0107ina Gornja&hellip; <a href=\"https:\/\/www.plin-konjscina.hr\/?page_id=162\" class=\"more-link\">Continue Reading <span class=\"meta-nav\">&rarr;<\/span><\/a><\/p>\n","protected":false},"author":1,"featured_media":0,"parent":124,"menu_order":0,"comment_status":"closed","ping_status":"closed","template":"","meta":{"footnotes":""},"class_list":["post-162","page","type-page","status-publish","hentry"],"_links":{"self":[{"href":"https:\/\/www.plin-konjscina.hr\/index.php?rest_route=\/wp\/v2\/pages\/162","targetHints":{"allow":["GET"]}}],"collection":[{"href":"https:\/\/www.plin-konjscina.hr\/index.php?rest_route=\/wp\/v2\/pages"}],"about":[{"href":"https:\/\/www.plin-konjscina.hr\/index.php?rest_route=\/wp\/v2\/types\/page"}],"author":[{"embeddable":true,"href":"https:\/\/www.plin-konjscina.hr\/index.php?rest_route=\/wp\/v2\/users\/1"}],"replies":[{"embeddable":true,"href":"https:\/\/www.plin-konjscina.hr\/index.php?rest_route=%2Fwp%2Fv2%2Fcomments&post=162"}],"version-history":[{"count":2,"href":"https:\/\/www.plin-konjscina.hr\/index.php?rest_route=\/wp\/v2\/pages\/162\/revisions"}],"predecessor-version":[{"id":167,"href":"https:\/\/www.plin-konjscina.hr\/index.php?rest_route=\/wp\/v2\/pages\/162\/revisions\/167"}],"up":[{"embeddable":true,"href":"https:\/\/www.plin-konjscina.hr\/index.php?rest_route=\/wp\/v2\/pages\/124"}],"wp:attachment":[{"href":"https:\/\/www.plin-konjscina.hr\/index.php?rest_route=%2Fwp%2Fv2%2Fmedia&parent=162"}],"curies":[{"name":"wp","href":"https:\/\/api.w.org\/{rel}","templated":true}]}}