{"id":1404,"date":"2025-09-30T09:04:58","date_gmt":"2025-09-30T09:04:58","guid":{"rendered":"https:\/\/www.plin-konjscina.hr\/?page_id=1404"},"modified":"2025-09-30T09:04:58","modified_gmt":"2025-09-30T09:04:58","slug":"arhiva-tarif-stavke-i-modeli","status":"publish","type":"page","link":"https:\/\/www.plin-konjscina.hr\/?page_id=1404","title":{"rendered":"Arhiva Tarif. stavke i modeli"},"content":{"rendered":"\r\n<p style=\"text-align: center;\"><a href=\"https:\/\/www.plin-konjscina.hr\/wp-content\/uploads\/Odluka-o-primjeni-tarifnih-stavki-za-distribuciju-plinom-od-01.10.2022..pdf\">Odluka o primjeni tarifnih stavki za distribuciju plinom od 01.10.2022.<\/a><\/p>\r\n<p style=\"text-align: center;\"><a href=\"https:\/\/www.plin-konjscina.hr\/wp-content\/uploads\/Odluka-o-primjeni-tarifnih-stavki-za-javnu-uslugu-opskrbe-plinom-od-01.10.2022.-godine..pdf\">Odluka o primjeni tarifnih stavki za javnu uslugu opskrbe plinom od 01.10.2022. godine.<\/a><\/p>\r\n<p style=\"text-align: center;\"><a href=\"https:\/\/www.plin-konjscina.hr\/wp-content\/uploads\/Usporedne-cijene-EU-kn-za-tarifne-stavke-Opskrbe-i-Distribucije-1.pdf\">Usporedne cijene EU-kn za tarifne stavke Opskrbe i Distribucije<\/a><\/p>\r\n<p style=\"text-align: center;\"><a href=\"https:\/\/www.plin-konjscina.hr\/wp-content\/uploads\/Odluka-o-iznosu-TS-u-obvezi-JUOP-od-01.04.2022.-31.12.2022.-te-od-01.01.-31.03.2023.-1.pdf\">Odluka o iznosu TS u obvezi JUOP od 01.04.2022.-31.12.2022. te od 01.01.-31.03.2023.<\/a><\/p>\r\n<p style=\"text-align: center;\"><a href=\"https:\/\/www.plin-konjscina.hr\/wp-content\/uploads\/Odluka-o-iznosu-TS-za-JUOP-za-razdoblje-od-01.06.-31.12.2023-i-od-01.01.-do-31.03.2024..pdf\">Odluka-o-iznosu-TS-za-JUOP-za-razdoblje-od-01.06.-31.12.2023-i-od-01.01.-do-31.03.2024.<\/a><\/p>\r\n&nbsp;\r\n<p style=\"text-align: center;\">\u00a0 \u00a0 \u00a0 \u00a0 \u00a0 \u00a0 \u00a0 \u00a0 \u00a0 \u00a0 \u00a0Odluka o iznosu TS za JUOP za razdoblje od 01.04.-30.09.2024.<\/p>\r\n\u00a0 \u00a0 \u00a0 \u00a0 \u00a0 \u00a0 \u00a0 \u00a0 \u00a0 \u00a0 \u00a0 \u00a0 \u00a0 \u00a0 \u00a0 \u00a0 \u00a0 \u00a0 \u00a0 \u00a0 \u00a0 \u00a0 \u00a0 \u00a0 \u00a0 \u00a0 \u00a0 \u00a0 \u00a0 \u00a0 \u00a0 \u00a0 \u00a0 \u00a0 \u00a0 \u00a0 \u00a0 \u00a0 \u00a0 \u00a0 \u00a0 \u00a0 \u00a0 \u00a0 \u00a0 \u00a0 \u00a0 \u00a0 \u00a0 \u00a0<a href=\"https:\/\/narodne-novine.nn.hr\/clanci\/sluzbeni\/2024_03_33_525.html\">https:\/\/narodne-novine.nn.hr\/clanci\/sluzbeni\/2024_03_33_525.html<\/a>\r\n\r\n&nbsp;\r\n<p style=\"text-align: center;\">Odluka o iznosu TS za JUOP za razdoblje od 1. listopada do 31. prosinca 2024<\/p>\r\n<p style=\"text-align: center;\">te za razdoblje od 1. sije\u010dnja do 30. rujna 2025.<\/p>\r\n<p style=\"text-align: center;\"><a href=\"https:\/\/www.hera.hr\/hr\/docs\/2024\/Odluka_2024-08-29_01.pdf\">https:\/\/www.hera.hr\/hr\/docs\/2024\/Odluka_2024-08-29_01.pdf<\/a><\/p>\r\n&nbsp;\r\n\r\n&nbsp;\r\n\r\n&nbsp;\r\n\r\n&nbsp;\r\n<p style=\"text-align: center;\">OBAVIJEST<\/p>\r\n<p style=\"text-align: left;\">Po\u0161tovani,<\/p>\r\n<p style=\"text-align: left;\">ovim putem vas obavje\u0161tavamo da \u0107e se od 1. travnja 2023., u skladu s \u010dlankom 21. Metodologije utvr\u0111ivanja iznosa tarifnih stavki za javnu uslugu opskrbe plinom i zajam\u010denu opskrbu (NN 108\/20 i NN 20\/22), primjenjivati iznosi tarifnih stavki za javnu uslugu opskrbe plinom odre\u0111eni va\u017ee\u0107om Odlukom (NN 108\/22).<\/p>\r\n<p style=\"text-align: left;\">Obavijest o navedenom je objavljena i na mre\u017enim stranicama HERA-e i dostupna je na sljede\u0107oj poveznici: <a href=\"https:\/\/www.hera.hr\/hr\/html\/index.html\">https:\/\/www.hera.hr\/hr\/html\/index.html<\/a>.<\/p>\r\n<p style=\"text-align: left;\">S po\u0161tovanjem,<\/p>\r\n<p style=\"text-align: left;\">Hrvatska energetska regulatorna agencija<\/p>\r\n<p style=\"text-align: center;\"><a href=\"https:\/\/www.plin-konjscina.hr\/wp-content\/uploads\/Obavijest_2022-03-11_01.pdf\">Obavijest_2022-03-11_01<\/a><\/p>\r\n<p style=\"text-align: center;\"><a href=\"https:\/\/www.plin-konjscina.hr\/wp-content\/uploads\/Tarifne-stavke-za-JUOPP_od-01.01.-31.03.2022.-godine.pdf\">Tarifne stavke za JUOPP_od 01.01.-31.03.2022. godine<\/a><\/p>\r\n<p style=\"text-align: center;\"><a href=\"https:\/\/www.plin-konjscina.hr\/wp-content\/uploads\/Tarifne-stavke-za-distribuciju-plina-2022.-2026.-god.-1.pdf\">Tarifne stavke za distribuciju plina 2022.-2026. god.<\/a><\/p>\r\n&nbsp;\r\n<p style=\"text-align: center;\"><a href=\"https:\/\/www.plin-konjscina.hr\/wp-content\/uploads\/Tarifne-stavke-za-JUOPP_od-01.04.-31.12.2021.-godine.pdf\">Tarifne stavke za JUOPP_od 01.04.-31.12.2021. godine<\/a><\/p>\r\n&nbsp;\r\n\r\n<strong>Iznosi tarifnih stavki za distribuciju plina energetskog subjekta Plin Konj\u0161\u010dina d.o.o., za godine drugog regulacijskog razdoblja 2018. \u2013 2021.<\/strong>\r\n<p style=\"text-align: center;\"><a href=\"https:\/\/www.plin-konjscina.hr\/wp-content\/uploads\/Tarifne-stavke-za-distribuciju-plina.pdf\">Tarifne stavke za distribuciju plina<\/a><\/p>\r\n&nbsp;\r\n<p style=\"text-align: center;\"><strong>OBAVIJEST O IZNOSIMA TARIFNIH STAVKI ZA DISTRIBUCIJU PLINA ZA ENERGETSKE SUBJEKTE ZA GODINU DRUGOG REGULACIJSKOG RAZDOBLJA OD 1. SIJE\u010cNJA DO 31. PROSINCA 2018. GODINE<\/strong><\/p>\r\n\r\n\r\nHrvatska energetska regulatorna agencija (HERA) je dana 15.prosinca 2017. godine donijela Odluku o iznosima tarifnih stavki za distribuciju plina, drugog regulacijskog razdoblja za 2018. godinu, koja je objavljena u Narodnim novinama 127\/2017.\r\n\r\n\r\n\r\nSukladno odluci HERA u Tablici 1. daje se prikaz iznosa tarifnih stavki za distribuciju plina po tarifnim modelima, \u00a0koje \u0107e\u00a0<strong>Plin Konj\u0161\u010dina d.o.o. primjenjivati kod obra\u010duna potro\u0161nje plina u razdoblju od 1. sije\u010dnja do 31. prosinca 2018. godine.<\/strong>\r\n\r\n\r\n\r\nTablica 1.\r\n\r\n\r\n<table style=\"font-weight: 400; height: 1231px;\" width=\"860\">\r\n<tbody>\r\n<tr>\r\n<td width=\"128\">\r\n<p style=\"text-align: center;\">Vrsta tarifnih stavki<\/p>\r\n<\/td>\r\n<td style=\"text-align: center;\" width=\"81\">Oznaka tarifne stavke<\/td>\r\n<td style=\"text-align: center;\" width=\"91\">Tarifni model<\/td>\r\n<td style=\"text-align: center;\" width=\"139\">Iznos tarifne stavke<\/td>\r\n<td style=\"text-align: center;\" width=\"127\">Mjerna jedinica<\/td>\r\n<\/tr>\r\n<tr>\r\n<td rowspan=\"12\" width=\"128\">\r\n<p style=\"text-align: center;\">Tarifna stavka za distribuiranu koli\u010dinu plina<\/p>\r\n<\/td>\r\n<td rowspan=\"12\" width=\"81\">\r\n<p style=\"text-align: left;\">Ts1<\/p>\r\n<\/td>\r\n<td style=\"text-align: left;\" width=\"91\">\r\n<p style=\"text-align: left;\"><strong>TM1<\/strong><\/p>\r\n<\/td>\r\n<td style=\"text-align: left;\" width=\"139\"><strong>0,0900<\/strong><\/td>\r\n<td style=\"text-align: left;\" width=\"127\">\r\n<p style=\"text-align: left;\">kn\/kWh<\/p>\r\n<\/td>\r\n<\/tr>\r\n<tr>\r\n<td width=\"91\"><strong>TM2<\/strong><\/td>\r\n<td width=\"139\"><strong>0,0692<\/strong><\/td>\r\n<td width=\"127\">kn\/kWh<\/td>\r\n<\/tr>\r\n<tr>\r\n<td width=\"91\"><strong>TM3<\/strong><\/td>\r\n<td width=\"139\"><strong>0,0657<\/strong><\/td>\r\n<td width=\"127\">kn\/kWh<\/td>\r\n<\/tr>\r\n<tr>\r\n<td width=\"91\"><strong>TM4<\/strong><\/td>\r\n<td width=\"139\"><strong>0,0623<\/strong><\/td>\r\n<td width=\"127\">kn\/kWh<\/td>\r\n<\/tr>\r\n<tr>\r\n<td width=\"91\"><strong>TM5<\/strong><\/td>\r\n<td width=\"139\"><strong>0,0588<\/strong><\/td>\r\n<td width=\"127\">kn\/kWh<\/td>\r\n<\/tr>\r\n<tr>\r\n<td width=\"91\"><strong>TM6<\/strong><\/td>\r\n<td width=\"139\"><strong>0,0519<\/strong><\/td>\r\n<td width=\"127\">kn\/kWh<\/td>\r\n<\/tr>\r\n<tr>\r\n<td width=\"91\"><strong>TM7<\/strong><\/td>\r\n<td width=\"139\"><strong>0,0415<\/strong><\/td>\r\n<td width=\"127\">kn\/kWh<\/td>\r\n<\/tr>\r\n<tr>\r\n<td width=\"91\"><strong>TM8<\/strong><\/td>\r\n<td width=\"139\"><strong>0,0415<\/strong><\/td>\r\n<td width=\"127\">kn\/kWh<\/td>\r\n<\/tr>\r\n<tr>\r\n<td width=\"91\"><strong>TM9<\/strong><\/td>\r\n<td width=\"139\"><strong>0,0381<\/strong><\/td>\r\n<td width=\"127\">kn\/kWh<\/td>\r\n<\/tr>\r\n<tr>\r\n<td width=\"91\"><strong>TM10<\/strong><\/td>\r\n<td width=\"139\"><strong>0,0311<\/strong><\/td>\r\n<td width=\"127\">kn\/kWh<\/td>\r\n<\/tr>\r\n<tr>\r\n<td width=\"91\"><strong>TM11<\/strong><\/td>\r\n<td width=\"139\"><strong>0,0242<\/strong><\/td>\r\n<td width=\"127\">kn\/kWh<\/td>\r\n<\/tr>\r\n<tr>\r\n<td width=\"91\"><strong>TM12<\/strong><\/td>\r\n<td width=\"139\"><strong>0,0173<\/strong><\/td>\r\n<td width=\"127\">kn\/kWh<\/td>\r\n<\/tr>\r\n<tr>\r\n<td rowspan=\"12\" width=\"128\">\r\n<p style=\"text-align: center;\">Fiksna mjese\u010dna naknada<\/p>\r\n<\/td>\r\n<td rowspan=\"12\" width=\"81\">\r\n<p style=\"text-align: center;\">Ts2<\/p>\r\n<\/td>\r\n<td width=\"91\"><strong>TM1<\/strong><\/td>\r\n<td width=\"139\"><strong>10<\/strong><\/td>\r\n<td width=\"127\">kn<\/td>\r\n<\/tr>\r\n<tr>\r\n<td width=\"91\"><strong>TM2<\/strong><\/td>\r\n<td width=\"139\"><strong>10<\/strong><\/td>\r\n<td width=\"127\">kn<\/td>\r\n<\/tr>\r\n<tr>\r\n<td width=\"91\"><strong>TM3<\/strong><\/td>\r\n<td width=\"139\"><strong>20<\/strong><\/td>\r\n<td width=\"127\">kn<\/td>\r\n<\/tr>\r\n<tr>\r\n<td width=\"91\"><strong>TM4<\/strong><\/td>\r\n<td width=\"139\"><strong>30<\/strong><\/td>\r\n<td width=\"127\">kn<\/td>\r\n<\/tr>\r\n<tr>\r\n<td width=\"91\"><strong>TM5<\/strong><\/td>\r\n<td width=\"139\"><strong>40<\/strong><\/td>\r\n<td width=\"127\">kn<\/td>\r\n<\/tr>\r\n<tr>\r\n<td width=\"91\"><strong>TM6<\/strong><\/td>\r\n<td width=\"139\"><strong>60<\/strong><\/td>\r\n<td width=\"127\">kn<\/td>\r\n<\/tr>\r\n<tr>\r\n<td width=\"91\"><strong>TM7<\/strong><\/td>\r\n<td width=\"139\"><strong>100<\/strong><\/td>\r\n<td width=\"127\">kn<\/td>\r\n<\/tr>\r\n<tr>\r\n<td width=\"91\"><strong>TM8<\/strong><\/td>\r\n<td width=\"139\"><strong>150<\/strong><\/td>\r\n<td width=\"127\">kn<\/td>\r\n<\/tr>\r\n<tr>\r\n<td width=\"91\"><strong>TM9<\/strong><\/td>\r\n<td width=\"139\"><strong>200<\/strong><\/td>\r\n<td width=\"127\">kn<\/td>\r\n<\/tr>\r\n<tr>\r\n<td width=\"91\"><strong>TM10<\/strong><\/td>\r\n<td width=\"139\"><strong>300<\/strong><\/td>\r\n<td width=\"127\">kn<\/td>\r\n<\/tr>\r\n<tr>\r\n<td width=\"91\">\r\n<p style=\"text-align: left;\"><strong>TM11<\/strong><\/p>\r\n<\/td>\r\n<td width=\"139\"><strong>400<\/strong><\/td>\r\n<td width=\"127\">kn<\/td>\r\n<\/tr>\r\n<tr>\r\n<td style=\"text-align: left;\" width=\"91\"><strong>TM12<\/strong><\/td>\r\n<td style=\"text-align: left;\" width=\"139\"><strong>500<\/strong><\/td>\r\n<td width=\"127\">\r\n<p style=\"text-align: left;\">kn<\/p>\r\n<\/td>\r\n<\/tr>\r\n<\/tbody>\r\n<\/table>\r\n\r\n\r\n<strong>Napomena:<\/strong><em>\u00a0za obra\u010dunska mjerna mjesta koja se nalaze u gra\u0111evini ili dijelu gra\u0111evine namijenjenoj za stanovanje fiksna mjese\u010dna naknada Ts2 uve\u0107ava se za iznos od 3,00 kune zbog tro\u0161kova postupka ispitivanja nepropusnosti i ispravnosti plinske instalacije u svrhu izdavanja ispitnog izvje\u0161taja prema Zakonu o zapaljivim teku\u0107inama i plinovima.<\/em>\r\n\r\n\r\n<p style=\"text-align: center;\"><strong>OBAVIJEST O IZNOSU TARIFNIH STAVKI ZA JAVNU USLUGU OPSKRBE PLINOM ZA<\/strong><strong>RAZDOBLJE\u00a0 01.01. &#8211; 31.03. 2018. GODINE<\/strong><\/p>\r\n\r\n\r\nHrvatska energetska regulatorna agencija (HERA) donijela je dana 15. prosinca 2017. godine donijela je Odluku iznosu tarifnih stavki za javnu uslugu opskrbe plinom, koju \u0107e\u00a0<strong>Plin Konj\u0161\u010dina primjenjivati kod obra\u010duna potro\u0161nje plina u razdoblju od 1. sije\u010dnja do 31. o\u017eujka 2018. godine.<\/strong>\r\n\r\n\r\n\r\n<strong>Tablica A.<\/strong>\r\n<table style=\"font-weight: 400;\" width=\"98%\">\r\n<tbody>\r\n<tr>\r\n<td width=\"15%\"><em>Vrsta tarifne stavke<\/em><\/td>\r\n<td width=\"7%\"><em>Oznaka tarifne stavke<\/em><\/td>\r\n<td width=\"9%\"><em>Tarifni model<\/em><\/td>\r\n<td width=\"13%\"><em>TRO\u0160AK NABAVE PLINA<\/em><\/td>\r\n<td width=\"17%\"><em>TRO\u0160AK DISTRIBUCIJE PLINA<\/em><\/td>\r\n<td width=\"12%\"><em>TRO\u0160AK OPSKRBE PLINOM<\/em><\/td>\r\n<td width=\"15%\"><strong><em>KRAJNJA CIJENA OPSKRBE PLINOM \u2013 bez PDV-a<\/em><\/strong><\/td>\r\n<td width=\"9%\"><em>Mjerna jedinica<\/em><\/td>\r\n<\/tr>\r\n<tr>\r\n<td rowspan=\"12\"><strong>Tarifna stavka za isporu\u010denu koli\u010dinu pli<\/strong>na<\/td>\r\n<td rowspan=\"12\"><strong>Ts1<\/strong><\/td>\r\n<td>TM1<\/td>\r\n<td rowspan=\"12\">0,1809<\/td>\r\n<td>0,0900<\/td>\r\n<td rowspan=\"12\">0,0097<\/td>\r\n<td><strong>0,2806<\/strong><\/td>\r\n<td>kn\/kWh<\/td>\r\n<\/tr>\r\n<tr>\r\n<td>TM2<\/td>\r\n<td>0,0692<\/td>\r\n<td><strong>0,2598<\/strong><\/td>\r\n<td>kn\/kWh<\/td>\r\n<\/tr>\r\n<tr>\r\n<td>TM3<\/td>\r\n<td>0,0657<\/td>\r\n<td><strong>0,2563<\/strong><\/td>\r\n<td>kn\/kWh<\/td>\r\n<\/tr>\r\n<tr>\r\n<td>TM4<\/td>\r\n<td>0,0623<\/td>\r\n<td><strong>0,2529<\/strong><\/td>\r\n<td>kn\/kWh<\/td>\r\n<\/tr>\r\n<tr>\r\n<td>TM5<\/td>\r\n<td>0,0588<\/td>\r\n<td><strong>0,2494<\/strong><\/td>\r\n<td>kn\/kWh<\/td>\r\n<\/tr>\r\n<tr>\r\n<td>TM6<\/td>\r\n<td>0,0519<\/td>\r\n<td><strong>0,2425<\/strong><\/td>\r\n<td>kn\/kWh<\/td>\r\n<\/tr>\r\n<tr>\r\n<td>TM7<\/td>\r\n<td>0,0415<\/td>\r\n<td><strong>0,2321<\/strong><\/td>\r\n<td>kn\/kWh<\/td>\r\n<\/tr>\r\n<tr>\r\n<td>TM8<\/td>\r\n<td>0,0415<\/td>\r\n<td><strong>0,2321<\/strong><\/td>\r\n<td>kn\/kWh<\/td>\r\n<\/tr>\r\n<tr>\r\n<td>TM9<\/td>\r\n<td>0,0381<\/td>\r\n<td><strong>0,2287<\/strong><\/td>\r\n<td>kn\/kWh<\/td>\r\n<\/tr>\r\n<tr>\r\n<td>TM10<\/td>\r\n<td>0,0311<\/td>\r\n<td><strong>0,2217<\/strong><\/td>\r\n<td>kn\/kWh<\/td>\r\n<\/tr>\r\n<tr>\r\n<td>TM11<\/td>\r\n<td>0,0242<\/td>\r\n<td><strong>0,2148<\/strong><\/td>\r\n<td>kn\/kWh<\/td>\r\n<\/tr>\r\n<tr>\r\n<td>TM12<\/td>\r\n<td>0,0173<\/td>\r\n<td><strong>0,2079<\/strong><\/td>\r\n<td>kn\/kWh<\/td>\r\n<\/tr>\r\n<tr>\r\n<td rowspan=\"12\"><strong>Fiksna mjese\u010dna naknada<\/strong><\/td>\r\n<td rowspan=\"12\"><strong>Ts2<\/strong><\/td>\r\n<td>TM1<\/td>\r\n<td rowspan=\"12\"><\/td>\r\n<td>10,00<\/td>\r\n<td>1,00<\/td>\r\n<td><strong>11,00<\/strong><\/td>\r\n<td>kn<\/td>\r\n<\/tr>\r\n<tr>\r\n<td>TM2<\/td>\r\n<td>10,00<\/td>\r\n<td>1,00<\/td>\r\n<td><strong>11,00<\/strong><\/td>\r\n<td>kn<\/td>\r\n<\/tr>\r\n<tr>\r\n<td>TM3<\/td>\r\n<td>20,00<\/td>\r\n<td>2,00<\/td>\r\n<td><strong>22,00<\/strong><\/td>\r\n<td>kn<\/td>\r\n<\/tr>\r\n<tr>\r\n<td>TM4<\/td>\r\n<td>30,00<\/td>\r\n<td>3,00<\/td>\r\n<td><strong>33,00<\/strong><\/td>\r\n<td>kn<\/td>\r\n<\/tr>\r\n<tr>\r\n<td>TM5<\/td>\r\n<td>40,00<\/td>\r\n<td>4,00<\/td>\r\n<td><strong>44,00<\/strong><\/td>\r\n<td>kn<\/td>\r\n<\/tr>\r\n<tr>\r\n<td>TM6<\/td>\r\n<td>60,00<\/td>\r\n<td>6,00<\/td>\r\n<td><strong>66,00<\/strong><\/td>\r\n<td>kn<\/td>\r\n<\/tr>\r\n<tr>\r\n<td>TM7<\/td>\r\n<td>100,00<\/td>\r\n<td>10,00<\/td>\r\n<td><strong>110,00<\/strong><\/td>\r\n<td>kn<\/td>\r\n<\/tr>\r\n<tr>\r\n<td>TM8<\/td>\r\n<td>150,00<\/td>\r\n<td>15,00<\/td>\r\n<td><strong>165,00<\/strong><\/td>\r\n<td>kn<\/td>\r\n<\/tr>\r\n<tr>\r\n<td>TM9<\/td>\r\n<td>200,00<\/td>\r\n<td>20,00<\/td>\r\n<td><strong>220,00<\/strong><\/td>\r\n<td>kn<\/td>\r\n<\/tr>\r\n<tr>\r\n<td>TM10<\/td>\r\n<td>300,00<\/td>\r\n<td>30,00<\/td>\r\n<td><strong>330,00<\/strong><\/td>\r\n<td>kn<\/td>\r\n<\/tr>\r\n<tr>\r\n<td>TM11<\/td>\r\n<td>400,00<\/td>\r\n<td>40,00<\/td>\r\n<td><strong>440,00<\/strong><\/td>\r\n<td>kn<\/td>\r\n<\/tr>\r\n<tr>\r\n<td>TM12<\/td>\r\n<td>500,00<\/td>\r\n<td>50,00<\/td>\r\n<td><strong>550,00<\/strong><\/td>\r\n<td>kn<\/td>\r\n<\/tr>\r\n<\/tbody>\r\n<\/table>\r\n\r\n\r\n<strong><em>Napomena<\/em><\/strong><em>: \u00a0Krajnjem kupcu u gra\u0111evini ili dijelu gra\u0111evine namijenjenoj za stanovanje fiksna mjese\u010dna naknada za distribuciju plina Ts2<sub>dis<\/sub>\u00a0uve\u0107ava se za iznos od 3,00 kune po obra\u010dunskom mjernom mjestu sukladno odredbama Metodologije za distribuciju, a zbog tro\u0161kova postupka ispitivanja nepropusnosti i ispravnosti plinske instalacije u svrhu izdavanja ispitnog izvje\u0161taja prema Zakonu o zapaljivim teku\u0107inama i plinovima.<\/em> <img loading=\"lazy\" decoding=\"async\" class=\"aligncenter wp-image-185 \" src=\"http:\/\/www.klijent.mart.hr\/plinnew\/wp-content\/uploads\/2018\/08\/IZNOS-TARIFNIH-STAVKI-ZA-JAVNU-USLUGU-OPSKRBE-PLINOM-01.04.-31.07.2018-e1535395469405.jpg\" alt=\"\" width=\"680\" height=\"954\" srcset=\"https:\/\/www.plin-konjscina.hr\/wp-content\/uploads\/2018\/08\/IZNOS-TARIFNIH-STAVKI-ZA-JAVNU-USLUGU-OPSKRBE-PLINOM-01.04.-31.07.2018-e1535395469405.jpg 612w, https:\/\/www.plin-konjscina.hr\/wp-content\/uploads\/2018\/08\/IZNOS-TARIFNIH-STAVKI-ZA-JAVNU-USLUGU-OPSKRBE-PLINOM-01.04.-31.07.2018-e1535395469405-214x300.jpg 214w\" sizes=\"auto, (max-width: 680px) 100vw, 680px\" \/>\r\n\r\n\r\n\r\n&nbsp;\r\n<p style=\"text-align: center;\"><strong>Obavijest, za krajnje korisnike Plin Konj\u0161\u010dina d.o.o.<\/strong><\/p>\r\n\r\n<blockquote class=\"wp-block-quote is-layout-flow wp-block-quote-is-layout-flow\">Upravno vije\u0107e Hrvatske energetske regulatorne agencije 01.o\u017eujka 2018. donijelo je Odluku o iznosu tarifnih stavki za javnu uslugu opskrbe plinom, kojom se\u00a0\u00a0<em>krajnja cijena plina za kupce iz kategorije ku\u0107anstvo ne mijenja, za razdoblje od 1. travnja do 31. srpnja 2018. godine.\u00a0<\/em> \u00a0 <img loading=\"lazy\" decoding=\"async\" class=\"aligncenter wp-image-428\" src=\"https:\/\/www.plin-konjscina.hr\/wp-content\/uploads\/2018\/12\/Odluka-o-iznosu-TS-za-raz.-01.08.-31.12._18-i-od-01.01.-31.03._19-724x1024.jpg\" alt=\"\" width=\"675\" height=\"954\" srcset=\"https:\/\/www.plin-konjscina.hr\/wp-content\/uploads\/2018\/12\/Odluka-o-iznosu-TS-za-raz.-01.08.-31.12._18-i-od-01.01.-31.03._19-724x1024.jpg 724w, https:\/\/www.plin-konjscina.hr\/wp-content\/uploads\/2018\/12\/Odluka-o-iznosu-TS-za-raz.-01.08.-31.12._18-i-od-01.01.-31.03._19-212x300.jpg 212w, https:\/\/www.plin-konjscina.hr\/wp-content\/uploads\/2018\/12\/Odluka-o-iznosu-TS-za-raz.-01.08.-31.12._18-i-od-01.01.-31.03._19-768x1087.jpg 768w\" sizes=\"auto, (max-width: 675px) 100vw, 675px\" \/> \u00a0 Upravno vije\u0107e Hrvatske energetske regulatorne agencije 08.velja\u010de 2019. donijelo je Odluku o iznosu tarifnih stavki za javnu uslugu opskrbe plinom, kojom se\u00a0\u00a0<em>krajnja cijena plina za kupce iz kategorije ku\u0107anstvo ne mijenja, za razdoblje od o1. 04.- 31. 12 2019. i od 01.01.-31.03.2020.godine. (NN br.15 od 13.02.2019.)<\/em><\/blockquote>\r\n&nbsp;\r\n<p style=\"text-align: center;\"><img loading=\"lazy\" decoding=\"async\" class=\"alignnone wp-image-478\" src=\"https:\/\/www.plin-konjscina.hr\/wp-content\/uploads\/Odluka-o-iznosu-TS-za-JUOP-za-raz.-01.04.-31.12.2019.-i-01.01.-31.03.2020._3-212x300.jpg\" alt=\"\" width=\"685\" height=\"970\" srcset=\"https:\/\/www.plin-konjscina.hr\/wp-content\/uploads\/Odluka-o-iznosu-TS-za-JUOP-za-raz.-01.04.-31.12.2019.-i-01.01.-31.03.2020._3-212x300.jpg 212w, https:\/\/www.plin-konjscina.hr\/wp-content\/uploads\/Odluka-o-iznosu-TS-za-JUOP-za-raz.-01.04.-31.12.2019.-i-01.01.-31.03.2020._3-106x150.jpg 106w, https:\/\/www.plin-konjscina.hr\/wp-content\/uploads\/Odluka-o-iznosu-TS-za-JUOP-za-raz.-01.04.-31.12.2019.-i-01.01.-31.03.2020._3-768x1086.jpg 768w, https:\/\/www.plin-konjscina.hr\/wp-content\/uploads\/Odluka-o-iznosu-TS-za-JUOP-za-raz.-01.04.-31.12.2019.-i-01.01.-31.03.2020._3-724x1024.jpg 724w\" sizes=\"auto, (max-width: 685px) 100vw, 685px\" \/><\/p>\r\n\r\n<blockquote class=\"wp-block-quote\">\u00a0 \u00a0 Upravno vije\u0107e Hrvatske energetske regulatorne agencije 12.velja\u010de 2020. donijelo je Odluku o iznosu tarifnih stavki za javnu uslugu opskrbe plinom, kojom se\u00a0\u00a0<em>krajnja cijena plina za kupce iz kategorije ku\u0107anstvo ne mijenja, za razdoblje od o1. 04.- 31. 12 2020. i od 01.01.-31.03.2021.godine. (NN 16\/2020)<\/em> \u00a0 <a href=\"https:\/\/www.plin-konjscina.hr\/wp-content\/uploads\/Odluka_tarife-za-OPUOJU-za-raz.-01.04.-31.12.2020.-i-01.01.-31.03.2021..pdf\">Odluka_tarife za OPUOJU za raz. 01.04.-31.12.2020. i 01.01.-31.03.2021.<\/a><\/blockquote>\r\n","protected":false},"excerpt":{"rendered":"<p>Odluka o primjeni tarifnih stavki za distribuciju plinom od 01.10.2022. Odluka o primjeni tarifnih stavki za javnu uslugu opskrbe plinom od 01.10.2022. godine. Usporedne cijene EU-kn za tarifne stavke Opskrbe i Distribucije Odluka o iznosu TS u obvezi JUOP od&hellip; <a href=\"https:\/\/www.plin-konjscina.hr\/?page_id=1404\" class=\"more-link\">Continue Reading <span class=\"meta-nav\">&rarr;<\/span><\/a><\/p>\n","protected":false},"author":1,"featured_media":0,"parent":0,"menu_order":0,"comment_status":"closed","ping_status":"closed","template":"","meta":{"footnotes":""},"class_list":["post-1404","page","type-page","status-publish","hentry"],"_links":{"self":[{"href":"https:\/\/www.plin-konjscina.hr\/index.php?rest_route=\/wp\/v2\/pages\/1404","targetHints":{"allow":["GET"]}}],"collection":[{"href":"https:\/\/www.plin-konjscina.hr\/index.php?rest_route=\/wp\/v2\/pages"}],"about":[{"href":"https:\/\/www.plin-konjscina.hr\/index.php?rest_route=\/wp\/v2\/types\/page"}],"author":[{"embeddable":true,"href":"https:\/\/www.plin-konjscina.hr\/index.php?rest_route=\/wp\/v2\/users\/1"}],"replies":[{"embeddable":true,"href":"https:\/\/www.plin-konjscina.hr\/index.php?rest_route=%2Fwp%2Fv2%2Fcomments&post=1404"}],"version-history":[{"count":1,"href":"https:\/\/www.plin-konjscina.hr\/index.php?rest_route=\/wp\/v2\/pages\/1404\/revisions"}],"predecessor-version":[{"id":1408,"href":"https:\/\/www.plin-konjscina.hr\/index.php?rest_route=\/wp\/v2\/pages\/1404\/revisions\/1408"}],"wp:attachment":[{"href":"https:\/\/www.plin-konjscina.hr\/index.php?rest_route=%2Fwp%2Fv2%2Fmedia&parent=1404"}],"curies":[{"name":"wp","href":"https:\/\/api.w.org\/{rel}","templated":true}]}}