{"id":14,"date":"2018-08-21T21:24:14","date_gmt":"2018-08-21T21:24:14","guid":{"rendered":"http:\/\/www.klijent.mart.hr\/plinnew\/?page_id=14"},"modified":"2018-10-02T23:49:04","modified_gmt":"2018-10-02T23:49:04","slug":"o-nama","status":"publish","type":"page","link":"https:\/\/www.plin-konjscina.hr\/?page_id=14","title":{"rendered":"O nama"},"content":{"rendered":"<p align=\"justify\">Uva\u017eavaju\u0107i zakonske odredbe energetskog tr\u017ei\u0161ta iz tvrtke Komunalac Konj\u0161\u010dina d.o.o. izdvojen je energetski dio, te je osnovana nova tvrtka Plin Konj\u0161\u010dina d.o.o. za distribuciju i opskrbu plinom. Tvrtka Plin Konj\u0161\u010dina d.o.o. po\u010dela je s radom 01.01.2009. godine, te obavlja energetske djelatnosti distribucije i opskrbe prirodnim plinom na svom distribucijskom podru\u010dju.<\/p>\n<p>Poslovanje tvrtke orijentirano je na sigurnu i pouzdanu distribuciju prirodnog plina, te se s tim ciljem kontinuirano radi kontola i ispitivanje plinske mre\u017ee i postrojenja na plinskom sustavu. Tako\u0111er, radi sigurne opskrbe na\u0161ih korisnika obavljaju se redovne kontrole plinskih instalacija. U tom dijelu posla zauzeti su vrlo visoki standardi.<\/p>\n<p>Pra\u0107enjem razvoja distribucije na na\u0161em podru\u010dju i \u0161ire, kao i razvoj gospodarstva u okru\u017eenju, do\u0161lo se do danja\u0161njih rezultata i opsega distribucijske mre\u017ee, koja danas obuhva\u0107a oko 500 km plinske mre\u017ee i priklju\u010daka.<\/p>\n<p align=\"justify\">Va\u017eno je naglasiti da Plin Konj\u0161\u010dina d.o.o. u svom poslovanju i visokim standardima u pru\u017eanju kvalitetne usluge na\u0161im korisnicima nastoji preuzeti standarde Termoplina d.d. Vara\u017edin, vode\u0107eg distributera prirodnog plina u Hrvatskoj.<\/p>\n","protected":false},"excerpt":{"rendered":"<p>Uva\u017eavaju\u0107i zakonske odredbe energetskog tr\u017ei\u0161ta iz tvrtke Komunalac Konj\u0161\u010dina d.o.o. izdvojen je energetski dio, te je osnovana nova tvrtka Plin Konj\u0161\u010dina d.o.o. za distribuciju i opskrbu plinom. Tvrtka Plin Konj\u0161\u010dina d.o.o. po\u010dela je s radom 01.01.2009. godine, te obavlja energetske&hellip; <a href=\"https:\/\/www.plin-konjscina.hr\/?page_id=14\" class=\"more-link\">Continue Reading <span class=\"meta-nav\">&rarr;<\/span><\/a><\/p>\n","protected":false},"author":1,"featured_media":215,"parent":0,"menu_order":0,"comment_status":"closed","ping_status":"closed","template":"","meta":{"footnotes":""},"class_list":["post-14","page","type-page","status-publish","has-post-thumbnail","hentry"],"_links":{"self":[{"href":"https:\/\/www.plin-konjscina.hr\/index.php?rest_route=\/wp\/v2\/pages\/14","targetHints":{"allow":["GET"]}}],"collection":[{"href":"https:\/\/www.plin-konjscina.hr\/index.php?rest_route=\/wp\/v2\/pages"}],"about":[{"href":"https:\/\/www.plin-konjscina.hr\/index.php?rest_route=\/wp\/v2\/types\/page"}],"author":[{"embeddable":true,"href":"https:\/\/www.plin-konjscina.hr\/index.php?rest_route=\/wp\/v2\/users\/1"}],"replies":[{"embeddable":true,"href":"https:\/\/www.plin-konjscina.hr\/index.php?rest_route=%2Fwp%2Fv2%2Fcomments&post=14"}],"version-history":[{"count":2,"href":"https:\/\/www.plin-konjscina.hr\/index.php?rest_route=\/wp\/v2\/pages\/14\/revisions"}],"predecessor-version":[{"id":217,"href":"https:\/\/www.plin-konjscina.hr\/index.php?rest_route=\/wp\/v2\/pages\/14\/revisions\/217"}],"wp:featuredmedia":[{"embeddable":true,"href":"https:\/\/www.plin-konjscina.hr\/index.php?rest_route=\/wp\/v2\/media\/215"}],"wp:attachment":[{"href":"https:\/\/www.plin-konjscina.hr\/index.php?rest_route=%2Fwp%2Fv2%2Fmedia&parent=14"}],"curies":[{"name":"wp","href":"https:\/\/api.w.org\/{rel}","templated":true}]}}