{"id":124,"date":"2018-08-24T16:38:55","date_gmt":"2018-08-24T16:38:55","guid":{"rendered":"http:\/\/www.klijent.mart.hr\/plinnew\/?page_id=124"},"modified":"2018-08-27T18:23:59","modified_gmt":"2018-08-27T18:23:59","slug":"informacije","status":"publish","type":"page","link":"https:\/\/www.plin-konjscina.hr\/?page_id=124","title":{"rendered":"Informacije"},"content":{"rendered":"\n<p>Ovdje mo\u017eete prona\u0107i sve informacije prema kategorijama. Odaberite stavku na padaju\u0107em izborniku pod &#8220;Informacije&#8221; na vrhu stranice.<\/p>\n","protected":false},"excerpt":{"rendered":"<p>Ovdje mo\u017eete prona\u0107i sve informacije prema kategorijama. Odaberite stavku na padaju\u0107em izborniku pod &#8220;Informacije&#8221; na vrhu stranice.<\/p>\n","protected":false},"author":1,"featured_media":0,"parent":0,"menu_order":0,"comment_status":"closed","ping_status":"closed","template":"","meta":{"footnotes":""},"class_list":["post-124","page","type-page","status-publish","hentry"],"_links":{"self":[{"href":"https:\/\/www.plin-konjscina.hr\/index.php?rest_route=\/wp\/v2\/pages\/124","targetHints":{"allow":["GET"]}}],"collection":[{"href":"https:\/\/www.plin-konjscina.hr\/index.php?rest_route=\/wp\/v2\/pages"}],"about":[{"href":"https:\/\/www.plin-konjscina.hr\/index.php?rest_route=\/wp\/v2\/types\/page"}],"author":[{"embeddable":true,"href":"https:\/\/www.plin-konjscina.hr\/index.php?rest_route=\/wp\/v2\/users\/1"}],"replies":[{"embeddable":true,"href":"https:\/\/www.plin-konjscina.hr\/index.php?rest_route=%2Fwp%2Fv2%2Fcomments&post=124"}],"version-history":[{"count":3,"href":"https:\/\/www.plin-konjscina.hr\/index.php?rest_route=\/wp\/v2\/pages\/124\/revisions"}],"predecessor-version":[{"id":176,"href":"https:\/\/www.plin-konjscina.hr\/index.php?rest_route=\/wp\/v2\/pages\/124\/revisions\/176"}],"wp:attachment":[{"href":"https:\/\/www.plin-konjscina.hr\/index.php?rest_route=%2Fwp%2Fv2%2Fmedia&parent=124"}],"curies":[{"name":"wp","href":"https:\/\/api.w.org\/{rel}","templated":true}]}}