{"id":11,"date":"2018-08-21T21:23:45","date_gmt":"2018-08-21T21:23:45","guid":{"rendered":"http:\/\/www.klijent.mart.hr\/plinnew\/?page_id=11"},"modified":"2025-10-16T11:22:56","modified_gmt":"2025-10-16T11:22:56","slug":"pocetna","status":"publish","type":"page","link":"https:\/\/www.plin-konjscina.hr\/","title":{"rendered":"Naslovnica"},"content":{"rendered":"<p class=\"heartbeat\"><a href=\"https:\/\/www.plin-konjscina.hr\/?page_id=575\" target=\"_blank\" rel=\"noopener\">Ovdje mo\u017eete dojaviti o\u010ditanje brojila putem WEB forme.<\/a><\/p>\n<p>&nbsp;<\/p>\n<p style=\"text-align: center;\"><strong>OBAVIJEST KORISNICIMA PRIRODNOG PLINA NA DISTRIBUCIJSKOM SUSTAVU PLIN KONJ\u0160\u010cINA<\/strong><\/p>\n<p style=\"text-align: center;\">\u00a0 \u00a0 \u00a0 \u00a0 \u00a0 \u00a0Sukladno Odluci HERA-e obavje\u0161tavamo potro\u0161a\u010de plina na podru\u010dju Plina Konj\u0161\u010dina d.o.o. (kao operatera i opskrbljiva\u010da plinom), koji ne koriste javnu uslugu opskrbe plinom a imaju obavijesti od drugih Opskrbljiva\u010da o mogu\u0107nosti prelaska na javnu uslugu da iste obrasce predaju u Plin Konj\u0161\u010dina d.o.o. kao nosiocu opskrbe u obvezi javne usluge za podru\u010dje distribucije Plin Konj\u0161\u010dina d.o.o.<\/p>\n<p style=\"text-align: center;\">\u00a0 \u00a0 \u00a0 \u00a0 \u00a0\u00a0\u00a0 \u00a0 \u00a0 \u00a0 \u00a0 \u00a0 \u00a0 \u00a0 \u00a0 \u00a0 \u00a0 \u00a0 \u00a0 \u00a0 \u00a0 \u00a0 \u00a0 \u00a0 \u00a0 \u00a0 \u00a0 \u00a0 \u00a0 \u00a0 \u00a0 \u00a0 \u00a0 \u00a0 \u00a0 \u00a0 \u00a0 \u00a0 \u00a0 \u00a0 \u00a0 \u00a0 \u00a0 \u00a0 \u00a0 \u00a0 \u00a0 \u00a0 \u00a0 \u00a0 \u00a0 \u00a0 Plin Konj\u0161\u010dina d.o.o.<\/p>\n<hr \/>\n<p style=\"text-align: center;\"><strong>\u00a0 \u00a0OBAVIJEST KORISNICIMA PRIRODNOG PLINA <\/strong><\/p>\n<p style=\"text-align: center;\"><strong>Po\u0161tovani korisnici usluge javne opskrbe prirodnim plinom,<\/strong><\/p>\n<p style=\"text-align: center;\">Plin Konj\u0161\u010dina d.o.o., kao Opskrbljiva\u010d u obvezi javne usluge opskrbe prirodnim plinom od 01.04.2021. godine omogu\u0107ava pla\u0107anje nov\u010danih obveza za isporu\u010deni plin svojih korisnika, <strong>bez naknade<\/strong> za povezane tro\u0161kove naplate u <strong>po\u0161tanskim uredima 49282 Konj\u0161\u010dina, te u po\u0161tanskom uredu 49250 Zlatar.<\/strong><\/p>\n<p style=\"text-align: center;\"><strong>\u00a0\u00a0\u00a0\u00a0\u00a0\u00a0\u00a0\u00a0\u00a0\u00a0\u00a0\u00a0\u00a0\u00a0\u00a0\u00a0\u00a0\u00a0\u00a0\u00a0\u00a0\u00a0\u00a0\u00a0\u00a0\u00a0\u00a0\u00a0\u00a0\u00a0\u00a0\u00a0\u00a0\u00a0\u00a0\u00a0\u00a0\u00a0\u00a0\u00a0\u00a0\u00a0\u00a0\u00a0\u00a0\u00a0\u00a0\u00a0\u00a0\u00a0\u00a0\u00a0\u00a0\u00a0\u00a0\u00a0\u00a0\u00a0\u00a0\u00a0\u00a0\u00a0\u00a0\u00a0\u00a0\u00a0\u00a0\u00a0\u00a0\u00a0\u00a0\u00a0\u00a0\u00a0\u00a0\u00a0\u00a0\u00a0\u00a0\u00a0\u00a0\u00a0\u00a0\u00a0\u00a0\u00a0\u00a0\u00a0\u00a0\u00a0\u00a0\u00a0\u00a0\u00a0\u00a0\u00a0\u00a0\u00a0\u00a0\u00a0\u00a0\u00a0\u00a0\u00a0\u00a0 Plin Konj\u0161\u010dina d.o.o.<\/strong><\/p>\n<hr \/>\n<p><strong>\u00a0<\/strong><\/p>\n<p class=\"heartbeat\" align=\"center\"><strong>O B A V I J E S T\u00a0\u00a0 K U P C I M A<\/strong><\/p>\n<p>Po\u0161tovani,<\/p>\n<ul>\n<li>PLIN KONJ\u0160\u010cINA d.o.o. omogu\u0107uje svojim kupcima od 01. srpnja 2020. godine dostavu ra\u010duna na e-mail.<\/li>\n<\/ul>\n<p>Ukoliko \u017eelite da Vam se ra\u010dun za na\u0161e usluge dostavi na e-mail, molimo Vas da nam dostavite:\u00a0 ime i prezime kupca, adresu te e-mail adresu na koju \u017eelite primati ra\u010dune.<\/p>\n<p>Navedene podatke mo\u017eete dostaviti na e-mail: info@plin-konjscina.hr<\/p>\n<p>PLIN KONJ\u0160\u010cINA d.o.o.<\/p>\n<hr \/>\n<p align=\"justify\"><strong>Obavje\u0161tavamo korisnike prirodnog plina koju imaju plinske ure\u0111aje spojene na dimovodne kanale da nakon ovih potresnih aktivnosti provjere svoje dimnjake na ispravan rad.<\/strong><\/p>\n<hr \/>\n<p align=\"center\"><strong>Po\u0161tovani posjetitelji,<\/strong><\/p>\n<p style=\"text-align: center;\" align=\"center\"><strong>dobro do\u0161li na slu\u017ebene internet stranice PLIN KONJ\u0160\u010cINA\u00a0 d.o.o.<\/strong><\/p>\n<p align=\"justify\">Ovaj portal zami\u0161ljen je kao mjesto na kojem \u0107e sada\u0161nji i budu\u0107i korisnici na\u0161ih usluga prona\u0107i informacije vezane uz aktualne obavijesti, cijene, ankete i korisne linkove na kojima mogu dobiti detaljnije informacije o energetskim djelatnostima distribucije i opskrbe prirodnim plinom, mjerama opreza, te uputama za sigurno kori\u0161tenje prirodnog plina.<\/p>\n<p style=\"text-align: center;\" align=\"justify\"><strong>BESPLATNI INFO TELEFON:<\/strong> 0800 200 198<\/p>\n<p style=\"text-align: center;\" align=\"justify\"><strong>ADRESA:<\/strong> Bistri\u010dka cesta 1, 49282 Konj\u0161\u010dina<\/p>\n","protected":false},"excerpt":{"rendered":"<p>Ovdje mo\u017eete dojaviti o\u010ditanje brojila putem WEB forme. &nbsp; OBAVIJEST KORISNICIMA PRIRODNOG PLINA NA DISTRIBUCIJSKOM SUSTAVU PLIN KONJ\u0160\u010cINA \u00a0 \u00a0 \u00a0 \u00a0 \u00a0 \u00a0Sukladno Odluci HERA-e obavje\u0161tavamo potro\u0161a\u010de plina na podru\u010dju Plina Konj\u0161\u010dina d.o.o. (kao operatera i opskrbljiva\u010da plinom), koji&hellip; <a href=\"https:\/\/www.plin-konjscina.hr\/\" class=\"more-link\">Continue Reading <span class=\"meta-nav\">&rarr;<\/span><\/a><\/p>\n","protected":false},"author":1,"featured_media":0,"parent":0,"menu_order":0,"comment_status":"closed","ping_status":"closed","template":"","meta":{"footnotes":""},"class_list":["post-11","page","type-page","status-publish","hentry"],"_links":{"self":[{"href":"https:\/\/www.plin-konjscina.hr\/index.php?rest_route=\/wp\/v2\/pages\/11","targetHints":{"allow":["GET"]}}],"collection":[{"href":"https:\/\/www.plin-konjscina.hr\/index.php?rest_route=\/wp\/v2\/pages"}],"about":[{"href":"https:\/\/www.plin-konjscina.hr\/index.php?rest_route=\/wp\/v2\/types\/page"}],"author":[{"embeddable":true,"href":"https:\/\/www.plin-konjscina.hr\/index.php?rest_route=\/wp\/v2\/users\/1"}],"replies":[{"embeddable":true,"href":"https:\/\/www.plin-konjscina.hr\/index.php?rest_route=%2Fwp%2Fv2%2Fcomments&post=11"}],"version-history":[{"count":85,"href":"https:\/\/www.plin-konjscina.hr\/index.php?rest_route=\/wp\/v2\/pages\/11\/revisions"}],"predecessor-version":[{"id":1417,"href":"https:\/\/www.plin-konjscina.hr\/index.php?rest_route=\/wp\/v2\/pages\/11\/revisions\/1417"}],"wp:attachment":[{"href":"https:\/\/www.plin-konjscina.hr\/index.php?rest_route=%2Fwp%2Fv2%2Fmedia&parent=11"}],"curies":[{"name":"wp","href":"https:\/\/api.w.org\/{rel}","templated":true}]}}